{"id":20240,"date":"2020-11-15T13:37:07","date_gmt":"2020-11-15T12:37:07","guid":{"rendered":"https:\/\/carrasco.controlv.es\/?page_id=20240"},"modified":"2023-04-11T16:25:13","modified_gmt":"2023-04-11T14:25:13","slug":"condiciones-generales-de-compra","status":"publish","type":"page","link":"https:\/\/lahojadelcarrasco.com\/tienda\/condiciones-generales-de-compra\/","title":{"rendered":"Condiciones Generales de Compra"},"content":{"rendered":"<div class=\"fusion-fullwidth fullwidth-box fusion-builder-row-1 fusion-flex-container nonhundred-percent-fullwidth non-hundred-percent-height-scrolling\" style=\"background-color: #ffffff;background-position: center center;background-repeat: no-repeat;border-width: 0px 0px 0px 0px;border-color:#eae9e9;border-style:solid;\" ><div class=\"fusion-builder-row fusion-row fusion-flex-align-items-flex-start\" style=\"max-width:1216.8px;margin-left: calc(-4% \/ 2 );margin-right: calc(-4% \/ 2 );\"><div class=\"fusion-layout-column fusion_builder_column fusion-builder-column-0 fusion_builder_column_1_1 1_1 fusion-flex-column\"><div class=\"fusion-column-wrapper fusion-flex-justify-content-flex-start fusion-content-layout-column\" style=\"background-position:left top;background-repeat:no-repeat;-webkit-background-size:cover;-moz-background-size:cover;-o-background-size:cover;background-size:cover;padding: 0px 0px 0px 0px;\"><style type=\"text\/css\">@media only screen and (max-width:1024px) {.fusion-title.fusion-title-1{margin-top:10px!important;margin-bottom:12px!important;}}@media only screen and (max-width:640px) {.fusion-title.fusion-title-1{margin-top:10px!important;margin-bottom:20px!important;}}<\/style><div class=\"fusion-title title fusion-title-1 fusion-title-center fusion-title-text fusion-title-size-one\" style=\"font-size:40px;margin-top:10px;margin-bottom:12px;\"><div class=\"title-sep-container title-sep-container-left\"><div class=\"title-sep sep-single sep-solid\" style=\"border-color:#d7a71f;\"><\/div><\/div><h1 class=\"title-heading-center\" style=\"margin:0;font-size:1em;line-height:64px;color:#222052;\">Condiciones Generales de Compra<\/h1><div class=\"title-sep-container title-sep-container-right\"><div class=\"title-sep sep-single sep-solid\" style=\"border-color:#d7a71f;\"><\/div><\/div><\/div><div class=\"fusion-separator fusion-full-width-sep\" style=\"align-self: center;margin-left: auto;margin-right: auto;margin-top:30px;width:100%;\"><\/div><div class=\"fusion-text fusion-text-1\"><p><strong>1.-INFORMACI\u00d3N GENERAL<\/strong><\/p>\n<p>La titularidad de este sitio web, www.lahojadelcarrasco.com, (en adelante LA HOJA DEL CARRASCO) la ostenta: IGNACIO CARRASCO SL y cuyos datos de contacto son:<\/p>\n<ul>\n<li>Direcci\u00f3n: CALLE ALFONSO XIII N\u00ba 24 ,37770 GUIJUELO (SALAMANCA), ESPA\u00d1A<\/li>\n<li>Tel\u00e9fono de contacto: 923580076<\/li>\n<li>Email: francisco@lahojadelcarrasco.com<\/li>\n<li>Datos Mercantiles: Inscrita en el Registro Mercantil de Salamanca, Tomo 47 General, Libro 0 de la Secci\u00f3n 81 de Sociedades, Folio 193, Hoja N\u00ba1366, Inscripci\u00f3n 7\u00ba.<\/li>\n<\/ul>\n<p>El presente documento regula las Condiciones de Contrataci\u00f3n por la que se rige este sitio web www.lahojadelcarrasco.com para la adquisici\u00f3n de los productos ofertados. Adem\u00e1s de tener en cuenta las presentes Condiciones, preste atenci\u00f3n a nuestro Aviso Legal, Pol\u00edtica de Cookies y nuestra Pol\u00edtica de Privacidad antes de acceder, navegar y\/o usar esta p\u00e1gina web.<\/p>\n<p>A efectos de estas Condiciones, la actividad que IGNACIO CARRASCO SL desarrolla es:<\/p>\n<ul>\n<li>VENTA DE EMBUTIDOS.<\/li>\n<\/ul>\n<p>Al utilizar este sitio web y adquirir cualquiera de nuestros productos, el usuario consiente quedar vinculado por estas Condiciones de Contrataci\u00f3n y por ello todo lo anteriormente mencionado si no est\u00e1 de acuerdo, no debe usar, navegar o utilizar este sitio Web. Asimismo, se le informa que estas Condiciones podr\u00edan ser modificadas.<\/p>\n<p>El usuario ser\u00e1 el responsable de consultarlas cada vez que acceda, navegue y\/o use www.lahojadelcarrasco.com ya que ser\u00e1n aplicables aquellas que se encuentren vigentes en el momento en el que se lleva a cabo la adquisici\u00f3n de productos. Todas aquellas preguntas que al Usuario le surjan en referencia a las presentes Condiciones Generales, p\u00f3ngase en contacto con IGNACIO CARRASCO SL mediante los datos de contacto facilitados con anterioridad, o mediante el formulario de contacto.<\/p>\n<p><strong>2.- EL USUARIO<\/strong><\/p>\n<p>El acceso, navegaci\u00f3n y uso de www.lahojadelcarrasco.com, confiere la condici\u00f3n de Usuario, por lo que se aceptan, desde que se inicia la navegaci\u00f3n por www.lahojadelcarrasco.com, todas las Condiciones que se encuentran establecidas, as\u00ed como sus ulteriores modificaciones, sin perjuicio de la aplicaci\u00f3n de las correspondientes disposiciones legales de obligado cumplimiento. El usuario asume la responsabilidad de un uso correcto en www.lahojadelcarrasco.com.<\/p>\n<p>Esta responsabilidad se extender\u00e1 a:<\/p>\n<ul>\n<li>Hacer un uso adecuado de www.lahojadelcarrasco.com para realizar consultas y compras de productos legalmente v\u00e1lidas.<\/li>\n<li>No realizar ninguna compra falsa o fraudulenta. Si LA HOJA DEL CARRASCO considera cualquier operaci\u00f3n de dicha \u00edndole, podr\u00eda ser anulada e informando a las autoridades pertinentes.<\/li>\n<li>Facilitar datos veraces y l\u00edcitos. El Usuario declara ser mayor de 18 a\u00f1os y tener capacidad legal para celebrar contratos a trav\u00e9s de www.lahojadelcarrasco.com. LA HOJA DEL CARRASCO se dirige principalmente a Usuarios residentes en Espa\u00f1a. IGNACIO CARRASCO S.L. no asegura que www.lahojadelcarrasco.com cumpla con legislaciones de otros pa\u00edses, ya sea total o parcialmente. IGNACIO CARRASCO S.L. declina toda responsabilidad que derive de dicho acceso, as\u00ed como tampoco asegura env\u00edos fuera de Espa\u00f1a.<\/li>\n<\/ul>\n<p><strong>3.-PROCESO DE COMPRA O ADQUISICI\u00d3N<\/strong><\/p>\n<p>Para realizar cualquier compra en www.lahojadelcarrasco.com, es necesario que el Usuario sea mayor de edad. Los Usuarios debidamente registrados en www.lahojadelcarrasco.com deber\u00e1n seguir el procedimiento de compra y\/o adquisici\u00f3n online establecidos por LA HOJA DEL CARRASCO. Los pasos a seguir para realizar la compra de productos son:<\/p>\n<ol>\n<li>Observar en la parte superior derecha, entre las diferentes modalidades, clicar en aquella que se ajuste a tus necesidades.<\/li>\n<li>Ver entre los diferentes productos y clicar el producto que desees.<\/li>\n<li>Leer las caracter\u00edsticas del producto, seleccionar peso, preparaci\u00f3n y el n\u00famero de unidades que quieres adquirir, y a\u00f1adir al carrito.<\/li>\n<li>Continuar comprando o clicar en la parte superior derecha en el icono del carro.<\/li>\n<li>Aplicar cup\u00f3n en caso de disponer de \u00e9l, calcular el env\u00edo y clicar en finalizar compra.<\/li>\n<li>En caso de ser un Usuario habitual, iniciar sesi\u00f3n si no, cumplimentar los datos m\u00ednimos necesarios para la tramitaci\u00f3n del envi\u00f3.<\/li>\n<li>Seleccionar la modalidad de pago.<\/li>\n<li>Leer y aceptar los T\u00e9rminos y Condiciones de Contrataci\u00f3n.<\/li>\n<li>Clicar en realizar el pedido El Usuario deber\u00e1 rellenar y comprobar la informaci\u00f3n en cada uno de los pasos y podr\u00e1n ser modificados los datos solicitados antes de realizar el pago, si no es posible la modificaci\u00f3n p\u00f3ngase en contacto coment\u00e1ndonos la incidencia surgida.<\/li>\n<\/ol>\n<p>Seguidamente, el usuario recibir\u00e1 un comprobante o confirmaci\u00f3n de la operaci\u00f3n realizada mediante el correo electr\u00f3nico facilitado a LA HOJA DEL CARRASCO. Una vez concluido el proceso de contrataci\u00f3n, el Usuario consiente que LA HOJA DEL CARRASCO genere una factura electr\u00f3nica, que estar\u00e1 disponible en su \u00e1rea privada, podr\u00e1 enviarse al correo electr\u00f3nico facilitado o incluirse junto al env\u00edo.<\/p>\n<p><strong>4.-DISPONIBILIDAD<\/strong><\/p>\n<p>Todos los productos mostrados www.lahojadelcarrasco.com est\u00e1n sujetos a la disponibilidad en el momento de la consulta de la p\u00e1gina web, se mantendr\u00e1 constantemente actualizada la disponibilidad de los mismos, mostrando as\u00ed las unidades disponibles de la forma m\u00e1s veraz posible en LA HOJA DEL CARRASCO. Si se produjeran dificultades en cuanto al suministro de productos o no quedaran productos en stock, LA HOJA DEL CARRASCO se compromete a contactar con el usuario y reembolsar la cantidad que hubiera sido abonada en concepto de importe. En el caso de no disponer stock o existencias, podr\u00e1 ponerse en contacto con LA HOJA DEL CARRASCO para solicitar informaci\u00f3n de la disponibilidad de los productos interesados.<\/p>\n<p><strong>5.-PRECIOS Y PAGO<\/strong><\/p>\n<p>Los precios exhibidos en www.lahojadelcarrasco.com son los finales, en Euros (\u20ac) e incluyen los impuestos salvo que, por exigencia legal, especialmente en los relativos al IVA. No obstante, y salvo que se indique lo contrario, los precios de los art\u00edculos ofrecidos excluyen los gastos de env\u00edo que pudiera incurrir, que ser\u00e1n a\u00f1adidos al importe total en el debido momento de gestionar el procedimiento de env\u00edo por parte del Usuario, y donde \u00e9ste consultar\u00e1 las diferentes v\u00edas de entrega y los constes que suponen cada una de ellas, por lo que el Usuario podr\u00e1 elegir libremente la que m\u00e1s le convenga. Los gastos de env\u00edo son 8,54\u20ac, y no se aplicar\u00e1, es decir, que ser\u00e1n gratuitos en compras superiores a 125 \u20ac. En ning\u00fan caso LA HOJA DEL CARRASCO a\u00f1adir\u00e1 ning\u00fan coste adicional al precio de los productos contratados de forma autom\u00e1tica, sino solo aquellos que el Usuario haya seleccionado y elegido voluntaria y libremente. Los precios pueden cambiar en cualquier momento, pero los cambios reflejados no afectar\u00e1n a los pedidos o compras que el Usuario haya realizado, tenga el comprobante y no se haya completado.<\/p>\n<p>Ponemos a su disposici\u00f3n diferentes formas de pago:<\/p>\n<ol>\n<li>Por tarjeta de cr\u00e9dito o d\u00e9bito Puede realizar el pago de forma inmediata a trav\u00e9s de la pasarela de pago seguro SSL de nuestro Banco. Si fuera necesario realizar cualquier devoluci\u00f3n o cancelaci\u00f3n del pedido, el importe se reembolsar\u00e1 a trav\u00e9s de la misma tarjeta de pago. Las tarjetas de cr\u00e9dito estar\u00e1n sujetas a comprobaciones y autorizaciones por parte de la entidad bancaria emisora de las mismas, LA HOJA DEL CARRASCO no ser\u00e1 responsable de ning\u00fan retraso o falta de entrega debido a este motivo. Al hacer clic en \u00abAutorizar Pago\u00bb o \u201cConfirmar Pago\u201d el Usuario garantiza que la tarjeta de cr\u00e9dito es suya o que es el leg\u00edtimo poseedor de la tarjeta regalo o de la tarjeta abono.<\/li>\n<li>Por Transferencia bancaria Mediante ingreso en efectivo o transferencia bancaria a favor de LA HOJA DEL CARRASCO. El n\u00famero de cuenta vendr\u00e1 indicado en el comprobante de confirmaci\u00f3n del pedido. Hay que indicar en el momento de realizar la transferencia el nombre del cliente y n\u00famero de pedido. Los pedidos realizados por esta v\u00eda ser\u00e1n reservados durante 5 d\u00edas naturales a partir de la confirmaci\u00f3n del pedido, una vez recibido el pago se gestionar\u00e1 y preparar\u00e1 para su env\u00edo, si no se realiza en ese periodo se cancelar\u00e1 el mismo.<\/li>\n<\/ol>\n<p><strong>6.-ENTREGA<\/strong><\/p>\n<p>En los casos en los que proceda a realizar la entrega de forma f\u00edsica del bien contratado, las entregas se llevar\u00e1n a cabo en el siguiente territorio: Uni\u00f3n Europea. Los plazos de entrega son:<\/p>\n<ul>\n<li>48 a 72 horas en el caso de env\u00edos nacional peninsular.<\/li>\n<li>8 a 10 d\u00edas laborables para productos loncheados y en env\u00edo a las islas e uni\u00f3n europea Exceptuando aquellos casos en los que se d\u00e9 alguna circunstancia imprevista o extraordinaria o, derivadas de la personalizaci\u00f3n de los productos, intentaremos enviar el pedido de productos relacionados en cada Confirmaci\u00f3n de Env\u00edo antes de la fecha de entrega que figura en la Confirmaci\u00f3n de Env\u00edo en cuesti\u00f3n. Si por alg\u00fan motivo, que le fuera imputable, LA HOJA DEL CARRASCO no pudiera cumplir con la fecha de entrega, contactar\u00e1 con el Usuario para informarle de esta circunstancia y, \u00e9ste podr\u00e1 elegir seguir adelante con la compra estableciendo una nueva fecha de entrega, cambiar la direcci\u00f3n de entrega o anular el pedido con el correspondiente reembolso.<\/li>\n<\/ul>\n<p>En el caso de que resultase imposible hacer la entrega del pedido efectiva por ausencia del Usuario, el pedido podr\u00eda ser devuelto al almac\u00e9n. No obstante, el transportista dejar\u00e1 un aviso explicando el d\u00eda y la hora del intento de entrega y donde se encuentra el pedido y c\u00f3mo hacer para que se entregue de nuevo. Si por cualquier incidente el Usuario no va estar en el domicilio designado, p\u00f3ngase en contacto con LA HOJA DEL CARRASCO para cambiar el domicilio o posponer la entrega. Si por cualquier circunstancia, transcurren 30 d\u00edas desde que el pedido est\u00e9 disponible para su entrega y no haya sido entregado por alguna causa no imputable a LA HOJA DEL CARRASCO, se entender\u00e1 que el Usuario desea desistir del contrato y \u00e9ste se considerar\u00e1 resuelto. Como consecuencia de la resoluci\u00f3n del contrato, se devolver\u00e1n todos los pagos realizados por el Usuario, descontando aquellos gastos adicionales ocasionados. A efectos de las presentes Condiciones, se entender\u00e1 que se ha producido la entrega o que el pedido ha sido entregado en el momento en el que el Usuario o un tercero indicado por este, adquiera la posesi\u00f3n material de los productos, lo que se acreditar\u00e1 mediante la firma de la recepci\u00f3n del pedido en la direcci\u00f3n definida por el Usuario.<\/p>\n<p><strong>7.-MEDIOS T\u00c9CNICOS PARA CORREGIR ERRORES<\/strong><\/p>\n<p>En el caso de que el Usuario detecte que se ha producido un error al introducir datos necesarios para procesar la solicitud de compra en www.lahojadelcarrasco.com, podr\u00e1 modificar los mismos poni\u00e9ndose en contacto con LA HOJA DEL CARRASCO a trav\u00e9s de aquellos medios habilitados para contactar con el servicio de atenci\u00f3n al cliente. Adem\u00e1s, dicha informaci\u00f3n podr\u00e1 ser modificada por el propio Usuario en su apartado o \u00e1rea personal. De igual forma, se remite al Usuario a consultar el Aviso Legal y Condiciones de Contrataci\u00f3n de uso para recabar m\u00e1s informaci\u00f3n consultar sobre como ejercer el Derecho de Rectificaci\u00f3n seg\u00fan lo establecido en la Ley Org\u00e1nica 3\/2018, de 5 de diciembre, de Protecci\u00f3n de Datos y Garant\u00eda de los Derechos Digitales.<\/p>\n<p><strong>8.-DEVOLUCIONES<\/strong><\/p>\n<p>En los casos en los que el Usuario adquiera productos en o trav\u00e9s de www.lahojadelcarrasco.com, le asisten una serie de derechos:<\/p>\n<ul>\n<li>Derecho de Desistimiento El Usuario reconoce saber las excepciones al derecho de desistimiento, tal y como se recoge en el art\u00edculo 103 del Real Decreto Legislativo 1\/2007, de 16 de noviembre, por el que se aprueba la Ley General para la Defensa de consumidores y Usuarios: \u2013 El suministro de bienes que puedan deteriorarse o caducar con rapidez. \u2013 El suministro de bienes precintados que no sean aptos para ser devueltos por razones de protecci\u00f3n de la salud o de higiene y que hayan sido desprecintados tras la entrega.<\/li>\n<li>Devoluci\u00f3n de productos defectuosos o error de env\u00edo Nos referimos a todos aquellos casos en los que el Usuario considera que, en el momento de la entrega, el producto no se ajusta a lo estipulado en el contrato o pedido de compra, y que, por tanto, deber\u00e1 ponerse en contacto con LA HOJA DEL CARRASCO inmediatamente y hacerle saber la disconformidad existente (defecto\/error) por los mismos medios o utilizando los datos de contacto que se facilitan en el apartado anterior. El Usuario deber\u00e1 dirigirse en el apartado de contacto del inicio del documento, y estos, una vez devueltos, ser\u00e1n examinados y se le informar\u00e1 al Usuario, dentro de un plazo razonable, si procede el reembolso o, en su caso a la sustituci\u00f3n del mismo.<\/li>\n<\/ul>\n<p>El reembolso o la sustituci\u00f3n del producto se efectuar\u00e1 lo antes posible y, en cualquier caso, dentro de los 14 d\u00edas siguientes a la fecha en la que le enviemos un email confirmando la devoluci\u00f3n del importe, o sustituci\u00f3n del producto. Las cantidades pagadas por aquellos productos que sean devueltos a causa de alguna tara o defecto, cuando realmente exista, le ser\u00e1n reembolsadas \u00edntegramente, incluidos los gastos de entrega incurridos para entregarle el art\u00edculo y los costes en que al Usuario hubiera incurrido para devolv\u00e9rnoslo a nosotros. La devoluci\u00f3n se efectuar\u00e1 en el mismo medio de pago que se utiliz\u00f3 para pagar la compra.<\/p>\n<p><strong>9.-EXONERACI\u00d3N DE RESPONSABILIDAD<\/strong><\/p>\n<p>Salvo disposici\u00f3n legal contraria, LA HOJA DEL CARRASCO no aceptar\u00e1 ninguna responsabilidad por las siguientes p\u00e9rdidas, con independencia de su origen:<\/p>\n<ul>\n<li>Cualquier perdida que no sea atribuibles a incumplimiento alguno por su parte.<\/li>\n<li>Perdidas empresariales.<\/li>\n<li>Perdidas indirectas que no fueran razonablemente previsible por ambas partes en el momento que se formalizo el contrato de compraventa. Igualmente, LA HOJA DEL CARRASCO solo limita su responsabilidad a los siguientes casos:<\/li>\n<li>LA HOJA DEL CARRASCO aplica todas sus medidas para proporcionar una imagen fiel del producto en www.lahojadelcarrasco.com, sin embargo, no se responsabiliza por las m\u00ednimas diferencias o inexactitudes que puedan existir debido a la falta de resoluci\u00f3n de la pantalla, o problemas con el navegador que se utilice.<\/li>\n<li>LA HOJA DEL CARRASCO actuara con la m\u00e1xima diligencia a efectos de poner a disposici\u00f3n de la empresa encargada del transporte del producto del pedido de compra. Sin embargo, no se responsabiliza por perjuicios provenientes de un mal funcionamiento del transporte, especialmente de huelgas, retenciones de carreteras, y en general cualquiera otras propias del sector, que deriven en retrasos, p\u00e9rdidas o hurtos del producto.<\/li>\n<li>Fallos t\u00e9cnicos que por causas fortuitas o de otra \u00edndole, impidan un normal funcionamiento del servicio a trav\u00e9s de internet. Falta de disponibilidad en www.lahojadelcarrasco.com por razones de mantenimiento u otras, que impidan disponer del servicio.<\/li>\n<\/ul>\n<p>LA HOJA DEL CARRASCO pone todos los medios a su alcance a efectos de llevar a cabo el proceso de compra completo de los productos, no obstante, se exime de responsabilidad por causas que no le sean imputables, caso fortuito o fuerza mayor.<\/p>\n<ul>\n<li>LA HOJA DEL CARRASCO no se har\u00e1 responsable del mal uso y\/o desgaste de los productos que hayan sido utilizaos por el Usuario. Al mismo tiempo, LA HOJA DEL CARRASCO tampoco se har\u00e1 responsable de una devoluci\u00f3n err\u00f3nea realizada por el Usuario.<\/li>\n<li>En general, LA HOJA DEL CARRASCO no se responsabilizar\u00e1 por incumplimiento o retraso en el cumplimiento de algunas de las obligaciones asumidas, cuando el mismo se deba a acontecimientos que est\u00e1n fuera de nuestro control razonable, es decir, que se deban a causas de fuerza mayor.<\/li>\n<\/ul>\n<p><strong>10.- NULIDAD<\/strong><\/p>\n<p>Si algunas de las presentes Condiciones fueran declaradas nulas y sin efectos por resoluci\u00f3n firme dictada por autoridad competente, el resto de las cl\u00e1usulas permanecer\u00e1n en vigor, sin que queden afectadas por dicha declaraci\u00f3n de nulidad.<\/p>\n<p><strong>11.- PROTECCI\u00d3N DE DATOS<\/strong><\/p>\n<p>La informaci\u00f3n o datos de car\u00e1cter personal que el Usuario facilite a LA HOJA DEL CARRASCO en el curso de una transacci\u00f3n en www.lahojadelcarrasco.com, ser\u00e1n tratados con arreglo a lo establecido en la Pol\u00edtica de Privacidad, Condiciones Generales y Aviso Legal. Al acceder, navegar y\/o usar www.lahojadelcarrasco.com el usuario consiente el tratamiento de dicha informaci\u00f3n y datos y declara que toda la informaci\u00f3n o datos que facilitan son veraces.<\/p>\n<p><strong>12.-LEGISLACI\u00d3N APLICABLE<\/strong><\/p>\n<p>El acceso, navegaci\u00f3n y\/o uso de www.lahojadelcarrasco.com y los contratos de compra de productos a trav\u00e9s de la misma se regir\u00e1n por la legislaci\u00f3n espa\u00f1ola. Cualquier controversia, problema o desacuerdo que surja o est\u00e9 relacionado con el acceso, navegaci\u00f3n y\/o uso de www.lahojadelcarrasco.com o con la interpretaci\u00f3n y ejecuci\u00f3n de estas Condiciones, o con los contratos producidos entre el Usuario y LA HOJA DEL CARRASCO, ser\u00e1 sometida a la jurisdicci\u00f3n no exclusiva de los juzgados y tribunales espa\u00f1oles.<\/p>\n<p><strong>13.-RECLAMACI\u00d3N Y QUEJAS<\/strong><\/p>\n<p>El Usuario puede hacer llegar a LA HOJA DEL CARRASCO sus quejas, reclamaciones o todo tipo de comentario que desee realizar a trav\u00e9s de los datos de contacto que se facilitan al principio de estas Condiciones Generales.<\/p>\n<p>Adem\u00e1s, LA HOJA DEL CARRASCO dispone de unos formularios de devoluciones y reclamaciones para cualquier disconformidad que tuviera el Usuario.<\/p>\n<\/div><\/div><\/div><style type=\"text\/css\">.fusion-body .fusion-builder-column-0{width:100% !important;margin-top : 15px;margin-bottom : 15px;}.fusion-builder-column-0 > .fusion-column-wrapper {padding-top : 0px !important;padding-right : 0px !important;margin-right : 1.92%;padding-bottom : 0px !important;padding-left : 0px !important;margin-left : 1.92%;}@media only screen and (max-width:1024px) {.fusion-body .fusion-builder-column-0{width:100% !important;order : 0;}.fusion-builder-column-0 > .fusion-column-wrapper {margin-right : 1.92%;margin-left : 1.92%;}}@media only screen and (max-width:640px) {.fusion-body .fusion-builder-column-0{width:100% !important;order : 0;}.fusion-builder-column-0 > .fusion-column-wrapper {margin-right : 1.92%;margin-left : 1.92%;}}<\/style><\/div><style type=\"text\/css\">.fusion-body .fusion-flex-container.fusion-builder-row-1{ padding-top : 0px;margin-top : 0px;padding-right : 0px;padding-bottom : 0px;margin-bottom : 0px;padding-left : 0px;}<\/style><\/div>\n","protected":false},"excerpt":{"rendered":"","protected":false},"author":1,"featured_media":0,"parent":0,"menu_order":92,"comment_status":"closed","ping_status":"closed","template":"100-width.php","meta":[],"_links":{"self":[{"href":"https:\/\/lahojadelcarrasco.com\/tienda\/wp-json\/wp\/v2\/pages\/20240"}],"collection":[{"href":"https:\/\/lahojadelcarrasco.com\/tienda\/wp-json\/wp\/v2\/pages"}],"about":[{"href":"https:\/\/lahojadelcarrasco.com\/tienda\/wp-json\/wp\/v2\/types\/page"}],"author":[{"embeddable":true,"href":"https:\/\/lahojadelcarrasco.com\/tienda\/wp-json\/wp\/v2\/users\/1"}],"replies":[{"embeddable":true,"href":"https:\/\/lahojadelcarrasco.com\/tienda\/wp-json\/wp\/v2\/comments?post=20240"}],"version-history":[{"count":3,"href":"https:\/\/lahojadelcarrasco.com\/tienda\/wp-json\/wp\/v2\/pages\/20240\/revisions"}],"predecessor-version":[{"id":20711,"href":"https:\/\/lahojadelcarrasco.com\/tienda\/wp-json\/wp\/v2\/pages\/20240\/revisions\/20711"}],"wp:attachment":[{"href":"https:\/\/lahojadelcarrasco.com\/tienda\/wp-json\/wp\/v2\/media?parent=20240"}],"curies":[{"name":"wp","href":"https:\/\/api.w.org\/{rel}","templated":true}]}}