{"id":20245,"date":"2020-11-15T13:39:42","date_gmt":"2020-11-15T12:39:42","guid":{"rendered":"https:\/\/carrasco.controlv.es\/?page_id=20245"},"modified":"2020-11-15T14:31:33","modified_gmt":"2020-11-15T13:31:33","slug":"politica-de-cookies","status":"publish","type":"page","link":"https:\/\/lahojadelcarrasco.com\/tienda\/politica-de-cookies\/","title":{"rendered":"Pol\u00edtica de Cookies"},"content":{"rendered":"<div class=\"fusion-fullwidth fullwidth-box fusion-builder-row-1 fusion-flex-container nonhundred-percent-fullwidth non-hundred-percent-height-scrolling\" style=\"background-color: #ffffff;background-position: center center;background-repeat: no-repeat;border-width: 0px 0px 0px 0px;border-color:#eae9e9;border-style:solid;\" ><div class=\"fusion-builder-row fusion-row fusion-flex-align-items-flex-start\" style=\"max-width:1216.8px;margin-left: calc(-4% \/ 2 );margin-right: calc(-4% \/ 2 );\"><div class=\"fusion-layout-column fusion_builder_column fusion-builder-column-0 fusion_builder_column_1_1 1_1 fusion-flex-column\"><div class=\"fusion-column-wrapper fusion-flex-justify-content-flex-start fusion-content-layout-column\" style=\"background-position:left top;background-repeat:no-repeat;-webkit-background-size:cover;-moz-background-size:cover;-o-background-size:cover;background-size:cover;padding: 0px 0px 0px 0px;\"><style type=\"text\/css\">@media only screen and (max-width:1024px) {.fusion-title.fusion-title-1{margin-top:10px!important;margin-bottom:12px!important;}}@media only screen and (max-width:640px) {.fusion-title.fusion-title-1{margin-top:10px!important;margin-bottom:20px!important;}}<\/style><div class=\"fusion-title title fusion-title-1 fusion-title-center fusion-title-text fusion-title-size-one\" style=\"font-size:40px;margin-top:10px;margin-bottom:12px;\"><div class=\"title-sep-container title-sep-container-left\"><div class=\"title-sep sep-single sep-solid\" style=\"border-color:#d7a71f;\"><\/div><\/div><h1 class=\"title-heading-center\" style=\"margin:0;font-size:1em;line-height:64px;color:#222052;\">Pol\u00edtica de Cookies<\/h1><div class=\"title-sep-container title-sep-container-right\"><div class=\"title-sep sep-single sep-solid\" style=\"border-color:#d7a71f;\"><\/div><\/div><\/div><div class=\"fusion-separator fusion-full-width-sep\" style=\"align-self: center;margin-left: auto;margin-right: auto;margin-top:30px;width:100%;\"><\/div><div class=\"fusion-text fusion-text-1\"><p>Una cookie es un fichero que se descarga en su ordenador al acceder a determinadas p\u00e1ginas web. Las cookies permiten a una p\u00e1gina web, entre otras cosas, almacenar y recuperar informaci\u00f3n sobre los h\u00e1bitos de navegaci\u00f3n de un usuario o de su equipo y, dependiendo de la informaci\u00f3n que contengan y de la forma en que utilice su equipo, pueden utilizarse para reconocer al usuario.<\/p>\n<p>Las diferentes Cookies que utilizamos son las siguientes:<\/p>\n<ol>\n<li><strong>Cookies propias: <\/strong>Son aqu\u00e9llas que se env\u00edan al equipo terminal del usuario desde un equipo o dominio gestionado por el propio editor y desde el que se presta el servicio solicitado por el usuario.<\/li>\n<li><strong>Cookies de terceros: <\/strong>Son aqu\u00e9llas que se env\u00edan al equipo terminal del usuario desde un equipo o dominio que no es gestionado por el editor, sino por otra entidad que trata los datos obtenidos trav\u00e9s de las cookies.<\/li>\n<\/ol>\n<p>Por otro lado, seg\u00fan la duraci\u00f3n de las mismas, estas pueden ser:<\/p>\n<ol>\n<li><strong>Cookies de sesi\u00f3n: <\/strong>Son un tipo de cookies dise\u00f1adas para recabar y almacenar datos mientras el usuario accede a una p\u00e1gina web.<\/li>\n<li><strong>Cookies persistentes: <\/strong>Son un tipo de cookies en el que los datos siguen almacenados en el terminal y pueden ser accedidos y tratados durante un periodo definido por el responsable de la cookie, y que puede ir de unos minutos a varios a\u00f1os.<\/li>\n<\/ol>\n<p>Las Cookies en funci\u00f3n de la finalidad para la que van a ser usadas, pueden ser:<\/p>\n<p><strong>Cookies t\u00e9cnicas:<\/strong>\u00a0Son aqu\u00e9llas que permiten al usuario la navegaci\u00f3n a trav\u00e9s de una p\u00e1gina web, plataforma o aplicaci\u00f3n y la utilizaci\u00f3n de las diferentes opciones o servicios que en ella existan como, por ejemplo, controlar el tr\u00e1fico y la comunicaci\u00f3n de datos, identificar la sesi\u00f3n, acceder a partes de acceso restringido, recordar los elementos que integran un pedido, realizar el proceso de compra de un pedido, realizar la solicitud de inscripci\u00f3n o participaci\u00f3n en un<\/p>\n<ol>\n<li>evento, utilizar elementos de seguridad durante la navegaci\u00f3n, almacenar contenidos para la difusi\u00f3n de v\u00eddeos o sonido o compartir contenidos a trav\u00e9s de redes sociales.<\/li>\n<li><strong>Cookies de personalizaci\u00f3n: <\/strong>Son aqu\u00e9llas que permiten al usuario acceder al servicio con algunas caracter\u00edsticas de car\u00e1cter general predefinidas en funci\u00f3n de una serie de criterios en el terminal del usuario como por ejemplo serian el idioma, el tipo de navegador a trav\u00e9s del cual accede al servicio, la configuraci\u00f3n regional desde donde accede al servicio, etc.<\/li>\n<li><strong>Cookies de an\u00e1lisis: <\/strong>Son aqu\u00e9llas que permiten al responsable de las mismas, el seguimiento y an\u00e1lisis del comportamiento de los usuarios de los sitios web a los que est\u00e1n vinculadas. La informaci\u00f3n recogida mediante este tipo de cookies se utiliza en la medici\u00f3n de la actividad de los sitios web, aplicaci\u00f3n o plataforma y para la elaboraci\u00f3n de perfiles de navegaci\u00f3n de los usuarios de dichos sitios, aplicaciones y plataformas, con el fin de introducir mejoras en funci\u00f3n del an\u00e1lisis de los datos de uso que hacen los usuarios del servicio.<\/li>\n<li><strong>Cookies publicitarias: <\/strong>Son aqu\u00e9llas que permiten la gesti\u00f3n, de la forma m\u00e1s eficaz posible, de los espacios publicitarios que, en su caso, el editor haya incluido en una p\u00e1gina web, aplicaci\u00f3n o plataforma desde la que presta el servicio solicitado en base a criterios como el contenido editado o la frecuencia en la que se muestran los anuncios.<\/li>\n<li><strong>Cookies de publicidad comportamental: <\/strong>Son aqu\u00e9llas que permiten la gesti\u00f3n, de la forma m\u00e1s eficaz posible, de los espacios publicitarios que, en su caso, el editor haya incluido en una p\u00e1gina web, aplicaci\u00f3n o plataforma desde la que presta el servicio solicitado. Estas cookies almacenan informaci\u00f3n del comportamiento de los usuarios obtenida a trav\u00e9s de la observaci\u00f3n continuada de sus h\u00e1bitos de navegaci\u00f3n, lo que permite desarrollar un perfil espec\u00edfico para mostrar publicidad en funci\u00f3n del mismo.<\/li>\n<li><strong>Cookies de redes sociales externas:<\/strong> Se utilizan para que los visitantes puedan interactuar con el contenido de diferentes plataformas sociales (facebook, youtube, twitter, linkedIn, etc..) y que se generen \u00fanicamente para los usuarios de dichas redes sociales. Las condiciones de utilizaci\u00f3n de estas cookies y la informaci\u00f3n recopilada se regula por la pol\u00edtica de privacidad de la plataforma social correspondiente.<\/li>\n<\/ol>\n<p>Concretamente, las cookies utilizadas en esta p\u00e1gina web son las descritas a continuaci\u00f3n:<\/p>\n<table border=\"1\" width=\"90%\">\n<tbody>\n<tr>\n<td width=\"25%\"><strong>TIPO<\/strong><\/td>\n<td width=\"25%\"><strong>FINALIDAD<\/strong><\/td>\n<td width=\"25%\"><strong>CADUCIDAD<\/strong><\/td>\n<td width=\"25%\"><strong>PROPIAS\/TERCEROS<\/strong><\/td>\n<\/tr>\n<tr>\n<td>Cookie_policy<\/td>\n<td>Pol\u00edtica de Cookies<\/td>\n<td>20 a\u00f1os<\/td>\n<td>Propia<\/td>\n<\/tr>\n<tr>\n<td>_ga<\/td>\n<td>Se usa para distinguir a los usuarios<\/td>\n<td>2 a\u00f1os<\/td>\n<td>Google.com<\/td>\n<\/tr>\n<tr>\n<td>_gat<\/td>\n<td>Es una cookie de Google Analytics que se utiliza para diferenciar entre los diferentes objetos de seguimiento creados en la sesi\u00f3n. Se instala cuando el usuario entra en el sitio web. La cookie se actualiza cada vez que env\u00eda los datos a Google Analytics. Se elimina al cerrar el navegador.<\/td>\n<td>10 minutos<\/td>\n<td>Google.com<\/td>\n<\/tr>\n<tr>\n<td>_gid<\/td>\n<td>Es una cookie de Google Analytics que se utiliza para distinguir a los usuarios. Se instala cuando el usuario entra en el sitio web.<\/td>\n<td>1 d\u00eda<\/td>\n<td>Google.com<\/td>\n<\/tr>\n<tr>\n<td>cookie_policy<\/td>\n<td>Sirven para saber si al usuario ya se le ha mostrado el texto de pol\u00edticas de cookies del sitio.<\/td>\n<td>Sesion<\/td>\n<td>Cookie de sesi\u00f3n<\/td>\n<\/tr>\n<tr>\n<td>wp-settings<\/td>\n<td>Sirve para personalizar la interfaz del usuario.<\/td>\n<td>1 a\u00f1o<\/td>\n<td>WordPress<\/td>\n<\/tr>\n<tr>\n<td>wp-settings-time-1<\/td>\n<td>Almacena configuraciones personales del panel de control y de la interfaz del usuario.<\/td>\n<td>Sesi\u00f3n<\/td>\n<td>WordPress<\/td>\n<\/tr>\n<tr>\n<td>woocommerce_cart_hash<\/td>\n<td>Contiene informaci\u00f3n sobre el carrito en su totalidad y ayuda a WooCommerce a saber cu\u00e1ndo cambian los datos del carrito.<\/td>\n<td>30 d\u00edas<\/td>\n<td>WooThemesService<\/td>\n<\/tr>\n<tr>\n<td>woocommerce_items_in_cart<\/td>\n<td>Contiene informaci\u00f3n sobre todo el carro\u00a0y ayuda a WooCommerce\u00a0a saber los cambios producidos en \u00e9l.<\/td>\n<td>30 d\u00edas<\/td>\n<td>WooThemesService<\/td>\n<\/tr>\n<tr>\n<td>wordpress_logged_in_<\/td>\n<td>Se activa durante el login y guarda los detalles de autentificaci\u00f3n.<\/td>\n<td>1 a\u00f1o<\/td>\n<td>WordPress<\/td>\n<\/tr>\n<tr>\n<td>wordpress_test_cookie<\/td>\n<td>Esta cookie se usa para que el gestor de contenidos WordPress compruebe si el navegador tiene las cookies activadas y por tanto, si el usuario acepta cookies.<\/td>\n<td>Sesi\u00f3n<\/td>\n<td>WordPress<\/td>\n<\/tr>\n<tr>\n<td>wp_woocommerce_session_<\/td>\n<td>contiene un c\u00f3digo \u00fanico por cada cliente, el cual corresponde a una entrada en la tabla personalizada\u00a0en la\u00a0base de datos.<\/td>\n<td>Sesi\u00f3n<\/td>\n<td>WooThemesService<\/td>\n<\/tr>\n<tr>\n<td>WordPress_<\/td>\n<td>Se activa durante el login y guarda los detalles de autentificaci\u00f3n.<\/td>\n<td>1 a\u00f1o<\/td>\n<td>WordPress<\/td>\n<\/tr>\n<tr>\n<td><strong>pll_language<\/strong><\/td>\n<td>Esta cookie es propia de las herramientas con que se ha desarrollado la web, guarda el idioma escogido en la navegaci\u00f3n<\/td>\n<td>1 a\u00f1o<\/td>\n<td>Wordress<\/td>\n<\/tr>\n<tr>\n<td><strong>qcpubconsent<\/strong><\/td>\n<td>Esta cookie se usa para almacenar el consentimiento de la inserci\u00f3n de cookies en el navegador<\/td>\n<td>1 a\u00f1o<\/td>\n<\/tr>\n<tr>\n<td><strong>googlepersonalization<\/strong><\/td>\n<td>Para que los propietarios de sitios web y sus socios proveedores de tecnolog\u00eda autorizados puedan enviar informaci\u00f3n de consentimiento a Google, lo que permite que el sitio web contin\u00fae utilizando productos comerciales cr\u00edticos de Google.<\/td>\n<td>1 a\u00f1o<\/td>\n<td>Google<\/td>\n<\/tr>\n<tr>\n<td>fusionredux_current_tab<\/td>\n<td>cookie pera mejorar la navegaci\u00f3n web<\/td>\n<td>1 mes<\/td>\n<td>WordPress<\/td>\n<\/tr>\n<tr>\n<td>_cmpQcif3pcsupported<\/td>\n<td>Determina si el visitante ha aceptado la casilla de consentimiento de cookie.<\/td>\n<td>Sesi\u00f3n<\/td>\n<td>Cookie de sesi\u00f3n<\/td>\n<\/tr>\n<tr>\n<td>tk_ai<\/td>\n<td>Almacena un ID an\u00f3nimo generado de manera aleatoria. Este solamente se utiliza dentro del \u00e1mbito de la administraci\u00f3n y se utiliza para el seguimiento de an\u00e1lisis generales..<\/td>\n<td>Sesi\u00f3n<\/td>\n<td style=\"text-align: center;\">Cookie de sesi\u00f3n<\/td>\n<\/tr>\n<\/tbody>\n<\/table>\n<p>En cualquier momento usted podr\u00e1 permitir, bloquear o eliminar las cookies instaladas en su ordenador mediante la configuraci\u00f3n de las opciones del navegador que tenga instalado:<\/p>\n<ul>\n<li>Google Chrome:\u00a0<a href=\"https:\/\/support.google.com\/chrome\/answer\/95647?hl=es\"><strong>C\u00f3mo administrar Cookies y Datos de sitios.<\/strong><\/a><\/li>\n<li>Firefox:\u00a0<a href=\"https:\/\/support.mozilla.org\/es\/kb\/habilitar-y-deshabilitar-cookies-que-los-sitios-we\"><strong>Habilitar y Deshabilitar cookies que los sitios web utilizan para rastrear tus preferencias.<\/strong><\/a><\/li>\n<li>Internet Explorer:\u00a0<a href=\"http:\/\/windows.microsoft.com\/es-es\/windows-vista\/block-or-allow-cookies\"><strong>Bloquear o permitir Cookies.<\/strong><\/a><\/li>\n<li>Edge: <a href=\"https:\/\/privacy.microsoft.com\/es-es\/windows-10-microsoft-edge-and-privacy\"><strong>Datos de navegaci\u00f3n y privacidad<\/strong><\/a><\/li>\n<li>Safari:\u00a0<a href=\"http:\/\/support.apple.com\/kb\/PH17204?viewlocale=es_ES&amp;locale=es_ES\"><strong>Navegar en Internet.<\/strong><\/a><\/li>\n<\/ul>\n<p><strong>REVOCACI\u00d3N DEL CONSENTIMIENTO<\/strong><\/p>\n<p>El Usuario puede revocar su consentimiento para el uso de Cookies en su navegador a trav\u00e9s de las indicaciones anteriores o a trav\u00e9s de la instalaci\u00f3n de un sistema de rechazo, (\u00abopt-out\u00bb) en su navegador web. Algunos terceros facilitan este rechazo a trav\u00e9s de los siguientes enlaces:<\/p>\n<ul>\n<li>Opt-out de Google Analytics:\u00a0<a href=\"https:\/\/tools.google.com\/dlpage\/gaoptout?hl=None\"><strong>https:\/\/tools.google.com\/dlpage\/gaoptout?hl=None<\/strong><\/a><\/li>\n<li>Opt-out de Doubleclick:<a href=\"http:\/\/www.google.com\/settings\/ads\/plugin\"><strong>http:\/\/www.google.com\/settings\/ads\/plugin<\/strong><\/a><\/li>\n<li>Opt-out de Cookies Flash: <a href=\"http:\/\/www.macromedia.com\/support\/documentation\/es\/flashplayer\/help\/settings_manager07.html\"><strong>http:\/\/www.macromedia.com\/support\/documentation\/es\/flashplayer\/help\/settings_manager07.html<\/strong><\/a><\/li>\n<\/ul>\n<p>Seleccione la opci\u00f3n \u00abEliminar todos los sitios\u00bb o seleccione la web espec\u00edfica que desee borrar y \u00abEliminar Sitio Web\u00bb.<\/p>\n<p><strong>FUNCIONAMIENTO DEL PORTAL<\/strong><\/p>\n<p>Tenga en cuenta que si decide configurar su navegador para que rechace nuestras Cookies, no podremos mantener sus preferencias y algunas p\u00e1ginas pueden no estar disponibles.<\/p>\n<p><strong>REVISI\u00d3N<\/strong><\/p>\n<p>Estas listas se actualizar\u00e1n con la mayor celeridad posible a medida que cambien o evolucionen los servicios del sitio web ofrecidos en el mismo. Sin embargo, ocasionalmente durante esta actualizaci\u00f3n puede ser que la lista no incluya ya una cookie, aunque siempre se referir\u00e1 a cookies con prop\u00f3sitos id\u00e9nticos a los registrados en estas listas.<\/p>\n<\/div><\/div><\/div><style type=\"text\/css\">.fusion-body .fusion-builder-column-0{width:100% !important;margin-top : 15px;margin-bottom : 15px;}.fusion-builder-column-0 > .fusion-column-wrapper {padding-top : 0px !important;padding-right : 0px !important;margin-right : 1.92%;padding-bottom : 0px !important;padding-left : 0px !important;margin-left : 1.92%;}@media only screen and (max-width:1024px) {.fusion-body .fusion-builder-column-0{width:100% !important;order : 0;}.fusion-builder-column-0 > .fusion-column-wrapper {margin-right : 1.92%;margin-left : 1.92%;}}@media only screen and (max-width:640px) {.fusion-body .fusion-builder-column-0{width:100% !important;order : 0;}.fusion-builder-column-0 > .fusion-column-wrapper {margin-right : 1.92%;margin-left : 1.92%;}}<\/style><\/div><style type=\"text\/css\">.fusion-body .fusion-flex-container.fusion-builder-row-1{ padding-top : 0px;margin-top : 0px;padding-right : 0px;padding-bottom : 0px;margin-bottom : 0px;padding-left : 0px;}<\/style><\/div>\n","protected":false},"excerpt":{"rendered":"","protected":false},"author":1,"featured_media":0,"parent":0,"menu_order":91,"comment_status":"closed","ping_status":"closed","template":"100-width.php","meta":[],"_links":{"self":[{"href":"https:\/\/lahojadelcarrasco.com\/tienda\/wp-json\/wp\/v2\/pages\/20245"}],"collection":[{"href":"https:\/\/lahojadelcarrasco.com\/tienda\/wp-json\/wp\/v2\/pages"}],"about":[{"href":"https:\/\/lahojadelcarrasco.com\/tienda\/wp-json\/wp\/v2\/types\/page"}],"author":[{"embeddable":true,"href":"https:\/\/lahojadelcarrasco.com\/tienda\/wp-json\/wp\/v2\/users\/1"}],"replies":[{"embeddable":true,"href":"https:\/\/lahojadelcarrasco.com\/tienda\/wp-json\/wp\/v2\/comments?post=20245"}],"version-history":[{"count":4,"href":"https:\/\/lahojadelcarrasco.com\/tienda\/wp-json\/wp\/v2\/pages\/20245\/revisions"}],"predecessor-version":[{"id":20254,"href":"https:\/\/lahojadelcarrasco.com\/tienda\/wp-json\/wp\/v2\/pages\/20245\/revisions\/20254"}],"wp:attachment":[{"href":"https:\/\/lahojadelcarrasco.com\/tienda\/wp-json\/wp\/v2\/media?parent=20245"}],"curies":[{"name":"wp","href":"https:\/\/api.w.org\/{rel}","templated":true}]}}