{"id":20249,"date":"2020-11-15T13:59:32","date_gmt":"2020-11-15T12:59:32","guid":{"rendered":"https:\/\/carrasco.controlv.es\/?page_id=20249"},"modified":"2020-11-17T10:37:40","modified_gmt":"2020-11-17T09:37:40","slug":"aviso-legal-y-politica-de-privacidad","status":"publish","type":"page","link":"https:\/\/lahojadelcarrasco.com\/tienda\/aviso-legal-y-politica-de-privacidad\/","title":{"rendered":"Aviso legal y Pol\u00edtica de Privacidad"},"content":{"rendered":"<div class=\"fusion-fullwidth fullwidth-box fusion-builder-row-1 fusion-flex-container nonhundred-percent-fullwidth non-hundred-percent-height-scrolling\" style=\"background-color: #ffffff;background-position: center center;background-repeat: no-repeat;border-width: 0px 0px 0px 0px;border-color:#eae9e9;border-style:solid;\" ><div class=\"fusion-builder-row fusion-row fusion-flex-align-items-flex-start\" style=\"max-width:1216.8px;margin-left: calc(-4% \/ 2 );margin-right: calc(-4% \/ 2 );\"><div class=\"fusion-layout-column fusion_builder_column fusion-builder-column-0 fusion_builder_column_1_1 1_1 fusion-flex-column\"><div class=\"fusion-column-wrapper fusion-flex-justify-content-flex-start fusion-content-layout-column\" style=\"background-position:left top;background-repeat:no-repeat;-webkit-background-size:cover;-moz-background-size:cover;-o-background-size:cover;background-size:cover;padding: 0px 0px 0px 0px;\"><style type=\"text\/css\">@media only screen and (max-width:1024px) {.fusion-title.fusion-title-1{margin-top:10px!important;margin-bottom:12px!important;}}@media only screen and (max-width:640px) {.fusion-title.fusion-title-1{margin-top:10px!important;margin-bottom:20px!important;}}<\/style><div class=\"fusion-title title fusion-title-1 fusion-title-center fusion-title-text fusion-title-size-one\" style=\"font-size:40px;margin-top:10px;margin-bottom:12px;\"><div class=\"title-sep-container title-sep-container-left\"><div class=\"title-sep sep-single sep-solid\" style=\"border-color:#d7a71f;\"><\/div><\/div><h1 class=\"title-heading-center\" style=\"margin:0;font-size:1em;line-height:64px;color:#222052;\">Aviso Legal y Pol\u00edtica de Privacidad<\/h1><div class=\"title-sep-container title-sep-container-right\"><div class=\"title-sep sep-single sep-solid\" style=\"border-color:#d7a71f;\"><\/div><\/div><\/div><div class=\"fusion-separator fusion-full-width-sep\" style=\"align-self: center;margin-left: auto;margin-right: auto;margin-top:30px;width:100%;\"><\/div><div class=\"fusion-text fusion-text-1\"><p><strong>1. RESPONSABLE<\/strong><\/p>\n<p><strong>\u00bfQui\u00e9n es el Responsable del tratamiento de tus datos?<\/strong><\/p>\n<p>Identidad: IGNACIO CARRASCO SL<br \/>\nCIF:B37051307<br \/>\nDirecci\u00f3n postal: CALLE ALFONSO XIII N\u00ba 24 ,37770 GUIJUELO (SALAMANCA)<br \/>\nTel\u00e9fono: 923580076<br \/>\nFax:P\u00e1gina Web:www.lahojadelcarrasco.com<br \/>\nEmail: francisco@lahojadelcarrasco.com<br \/>\nDatos Mercantiles: Inscrita en el Registro Mercantil de Salamanca, Tomo 47 General, Libro 0 de la Secci\u00f3n 81 de Sociedades, Folio 193, Hoja N\u00ba1366, Inscripci\u00f3n 7\u00ba.<\/p>\n<p><strong>2. FINALIDADES<\/strong><\/p>\n<p><strong>\u00bfCon qu\u00e9 finalidad tratamos tus datos personales?<\/strong><\/p>\n<p>1. Realizar una correcta gesti\u00f3n del servicio solicitado. En este sentido, los datos que nos proporciones tanto en el momento de crear tu cuenta con nosotros como para crear tu perfil ser\u00e1n tratados para:<br \/>\n1. Gestionar el servicio solicitado.<br \/>\n2. Enviarte mensajes de IGNACIO CARRASCO SL para informarte de mejoras o novedades en nuestros productos y servicios. Recuerda que siempre podr\u00e1s personalizar estos env\u00edos a trav\u00e9s de los ajustes de tu men\u00fa privado de candidato y en el apartado 6 (Derechos) te explicamos c\u00f3mo puedes solicitar no recibir este tipo de comunicaciones.<br \/>\n3. Prevenir abusos y fraudes en el uso de nuestros servicios (por ejemplo, actividades fraudulentas, ataques de denegaci\u00f3n de servicios, env\u00edo de spam, entre otros).<br \/>\n4. Cesi\u00f3n de datos a organismos y autoridades p\u00fablicas, siempre y cuando sean requeridos de conformidad con las disposiciones legales y reglamentarias.<\/p>\n<p><strong>3. PLAZO DE CONSERVACI\u00d3N DE LOS DATOS<\/strong><\/p>\n<p><strong>\u00bfPor cu\u00e1nto tiempo conservaremos tus datos?<\/strong><\/p>\n<p>Tus datos ser\u00e1n conservados mientras dure la relaci\u00f3n comercial con nosotros, solicites su supresi\u00f3n, as\u00ed como el tiempo necesario para cumplir las obligaciones legales.<\/p>\n<p><strong>4. LEGITIMACI\u00d3N<\/strong><\/p>\n<p><strong>\u00bfCu\u00e1l es la legitimaci\u00f3n para el tratamiento de tus datos?<\/strong><\/p>\n<p>La base legal para el tratamiento de tus datos radica en:<br \/>\nLa ejecuci\u00f3n de un contrato en relaci\u00f3n con la finalidad indicada en el apartado 1 anterior.<br \/>\nEl consentimiento del usuario en relaci\u00f3n con la finalidad indicada en los apartado 2.<br \/>\nEl inter\u00e9s leg\u00edtimo de IGNACIO CARRASCO SL en relaci\u00f3n con la finalidad indicada en el apartado 3 anterior.<br \/>\nEl cumplimiento de obligaciones legales aplicables a IGNACIO CARRASCO SL para la finalidad indicada en el apartado 4 anterior.<\/p>\n<p><strong>5. DESTINATARIOS<\/strong><\/p>\n<p><strong>\u00bfA qu\u00e9 destinatarios se comunicar\u00e1n tus datos?<\/strong><\/p>\n<p>Tus datos personales ser\u00e1n comunicados a terceros en los siguientes supuestos:<br \/>\nTus datos podr\u00e1n ser accedidos por aquellos proveedores que prestan servicios a IGNACIO CARRASCO SL , tales como servicios de alojamiento de contenido, de mensajer\u00eda instant\u00e1nea, de env\u00edo de notificaciones, servicios publicitarios, etc. IGNACIO CARRASCO SL ha suscrito los correspondientes contratos de encargo de tratamiento con cada uno de los proveedores que prestan servicios a IGNACIO CARRASCO SL con el objetivo de garantizar<br \/>\nque dichos proveedores tratar\u00e1n tus datos de conformidad con lo establecido en la legislaci\u00f3n vigente.<br \/>\nTus datos personales tambi\u00e9n podr\u00e1n ser cedidos a las autoridades competentes en los casos que exista una<br \/>\nobligaci\u00f3n legal.<\/p>\n<p><strong>6. DERECHOS<\/strong><\/p>\n<p><strong>\u00bfCu\u00e1les son tus derechos cuando nos facilitas tus datos y c\u00f3mo puedes ejercerlos?<\/strong><\/p>\n<p>Tienes derecho a obtener confirmaci\u00f3n sobre si en IGNACIO CARRASCO SL estamos tratando datos personales que te conciernan, o no.<br \/>\nAsimismo, tienes derecho a acceder a tus datos personales, as\u00ed como a solicitar la rectificaci\u00f3n de los datos inexactos o, en su caso, solicitar su supresi\u00f3n cuando, entre otros motivos, los datos ya no sean necesarios para los fines que fueron recogidos.<br \/>\nEn determinadas circunstancias, podr\u00e1s solicitar la limitaci\u00f3n del tratamiento de tus datos, en cuyo caso \u00fanicamente los conservaremos para el ejercicio o la defensa de reclamaciones.<br \/>\nEn determinadas circunstancias y por motivos relacionados con tu situaci\u00f3n particular, podr\u00e1s oponerte al tratamiento de tus datos. IGNACIO CARRASCO SL dejar\u00e1 de tratar los datos, salvo por motivos leg\u00edtimos imperiosos, o el ejercicio o la defensa de posibles reclamaciones.<br \/>\nAsimismo, puedes ejercer el derecho a la portabilidad de los datos, as\u00ed como retirar los consentimientos facilitados en cualquier momento, sin que ello afecte a la licitud del tratamiento basado en el consentimiento previo a su retirada.<br \/>\nSi deseas hacer uso de cualquiera de tus derechos puedes dirigirte a nosotros a trav\u00e9s de la direcci\u00f3n de correo electr\u00f3nico o mediante escrito a la direcci\u00f3n postal indicada anteriormente. Recuerda facilitar la mayor informaci\u00f3n posible sobre tu solicitud: Nombre y apellidos, direcci\u00f3n de correo electr\u00f3nico que utilizas para la cuenta o portal objeto de tu solicitud.<br \/>\nPor \u00faltimo, te informamos que puedes dirigirte ante la Agencia Espa\u00f1ola de Protecci\u00f3n de Datos y dem\u00e1s organismos p\u00fablicos competentes para cualquier reclamaci\u00f3n derivada del tratamiento de tus datos personales.<\/p>\n<p><strong>7. POL\u00cdTICA DE COOKIES<\/strong><\/p>\n<p><strong>\u00bfQu\u00e9 cookies utilizamos?<\/strong><\/p>\n<p>Para conocer las cookies que utilizamos en esta p\u00e1gina web\/aplicaci\u00f3n m\u00f3vil, recuerda que puedes acceder a nuestra pol\u00edtica de cookies y relaci\u00f3n y descripci\u00f3n de cookies.<\/p>\n<p><strong>CONDICIONES DE USO<\/strong><\/p>\n<p>Las condiciones generales contenidas en el presente aviso legal regulan el acceso y utilizaci\u00f3n de la p\u00e1gina Web que IGNACIO CARRASCO SL en principio, pone gratuitamente a disposici\u00f3n de los usuarios de Internet, sin perjuicio de que esta circunstancia pueda variar en el futuro.<br \/>\nEl acceso a la misma implica la aceptaci\u00f3n sin reservas de las presentes condiciones.<br \/>\nLa utilizaci\u00f3n de determinados servicios ofrecidos en este sitio se regir\u00e1, adem\u00e1s, por las condiciones particulares previstas en cada caso, que se entender\u00e1n aceptadas por el mero uso de tales servicios.<\/p>\n<p><strong>AUTORIZACI\u00d3N<\/strong><\/p>\n<p>Se autoriza la visualizaci\u00f3n, impresi\u00f3n y descarga parcial del contenido de la p\u00e1gina Web s\u00f3lo y exclusivamente si concurren las siguientes condiciones:<br \/>\n\u2022 Que sea compatible con los fines de la p\u00e1gina Web.<br \/>\n\u2022 Que se realice con el exclusivo \u00e1nimo de obtener la informaci\u00f3n contenida para uso personal y privado. Se proh\u00edbe expresamente su utilizaci\u00f3n con fines comerciales o para su distribuci\u00f3n, comunicaci\u00f3n p\u00fablica, transformaci\u00f3n o descompilaci\u00f3n.<br \/>\n\u2022 Que ninguno de los contenidos relacionados en la p\u00e1gina Web sea modificado de manera alguna.<br \/>\n\u2022 Que ning\u00fan gr\u00e1fico, icono o imagen disponible en la p\u00e1gina Web sea utilizado, copiado o distribuido separadamente del resto de im\u00e1genes que lo acompa\u00f1an.<br \/>\nLa utilizaci\u00f3n no autorizada de la informaci\u00f3n contenida en la p\u00e1gina Web, su reventa, as\u00ed como la lesi\u00f3n de los derechos de propiedad intelectual o industrial de IGNACIO CARRASCO SL dar\u00e1 lugar a las responsabilidades legalmente establecidas.<\/p>\n<p><strong>FUNCIONAMIENTO Y DISPONIBILIDAD DEL SITIO WEB:<\/strong><\/p>\n<p>IGNACIO CARRASCO SL se reserva la facultad de efectuar en cualquier momento y sin necesidad de previo aviso modificaciones y actualizaciones de la informaci\u00f3n contenida en la p\u00e1gina Web, de la configuraci\u00f3n y presentaci\u00f3n de \u00e9sta y de las condiciones de acceso.<br \/>\nIGNACIO CARRASCO SL no se hace responsable de los errores de seguridad que se puedan producir ni de los da\u00f1os que puedan causarse al sistema inform\u00e1tico del usuario (hardware y software), o a los ficheros o documentos almacenados en el mismo, como consecuencia de:<br \/>\n\u2022 La presencia de un virus en el ordenador del usuario que sea utilizado para la conexi\u00f3n a los servicios y contenidos de la p\u00e1gina Web<br \/>\n\u2022 Un mal funcionamiento del navegador<br \/>\n\u2022 Uso de versiones no actualizadas del mismo<br \/>\nIGNACIO CARRASCO SL no garantiza la ausencia de virus ni de otros elementos en el Sitio Web introducidos por terceros ajenos a IGNACIO CARRASCO SL que puedan producir alteraciones en los sistemas f\u00edsicos o l\u00f3gicos de los Usuarios o en los documentos electr\u00f3nicos y ficheros almacenados en sus sistemas. En consecuencia, IGNACIO CARRASCO SL no ser\u00e1 en ning\u00fan caso responsable de cualesquiera da\u00f1os y perjuicios de toda \u00edndole que pudieran derivarse de la presencia de virus u otros elementos que puedan producir alteraciones en los sistemas f\u00edsicos o l\u00f3gicos, documentos electr\u00f3nicos o ficheros de los Usuarios.<br \/>\nAsimismo, IGNACIO CARRASCO SL utiliza diversas medidas de protecci\u00f3n de su Sitio Web contra ataques inform\u00e1ticos de terceros. No obstante, IGNACIO CARRASCO SL no garantiza que terceros no autorizados puedan tener acceso al tipo de uso del Sitio Web que hace el Usuario o las condiciones, caracter\u00edsticas y circunstancias en las cuales se realiza dicho uso. En consecuencia,IGNACIO CARRASCO SL no ser\u00e1 en ning\u00fan caso responsable de los da\u00f1os y perjuicios que pudieran derivarse de dicho acceso no autorizado.<br \/>\nIGNACIO CARRASCO SL no garantiza la inexistencia de interrupciones o errores en el acceso a la p\u00e1gina Web o a su contenido, ni que \u00e9sta se encuentre actualizada. IGNACIO CARRASCO SL llevar\u00e1 a cabo, siempre que no concurran causas que lo hagan imposible o de dif\u00edcil ejecuci\u00f3n y tan pronto tenga noticia de los errores, desconexiones o falta de actualizaci\u00f3n en los contenidos, todas a aquellas labores tendentes a subsanar los errores, restablecer la comunicaci\u00f3n y actualizar los contenidos.<br \/>\nIGNACIO CARRASCO SL se reserva el derecho de interrumpir el acceso a su Sitio Web o de cualquiera de sus contenidos en cualquier momento y sin previo aviso.<\/p>\n<p><strong>CONTENIDOS Y LA CALIDAD DEL SERVICIO<\/strong><\/p>\n<p>IGNACIO CARRASCO SL no asume la responsabilidad alguna derivada de los contenidos enlazados en la p\u00e1gina Web, siempre que sean ajenos a la misma, ni garantiza la ausencia de virus u otros elementos en los mismos que puedan producir alteraciones en el sistema inform\u00e1tico (hardware y software), en los documentos o los ficheros del usuario, excluyendo cualquier responsabilidad por los da\u00f1os de cualquier clase causados al usuario por este motivo.<br \/>\nEn el caso de que cualquier usuario, cliente o un tercero, considerara que el contenido o los servicios prestados por las p\u00e1ginas enlazadas son il\u00edcitos o lesionan bienes o derechos del propio usuario, de un cliente o de un tercero susceptibles de indemnizaci\u00f3n, y, en particular, consistan en:<br \/>\n\u2022 Actividades o contenidos susceptibles de ser considerados delictivos conforme a la normativa penal espa\u00f1ola.<br \/>\n\u2022 Actividades o contenidos que violen derechos de propiedad intelectual o industrial.<br \/>\n\u2022 Actividades o contenidos que pongan en peligro el orden p\u00fablico, la investigaci\u00f3n penal, la seguridad p\u00fablica y la defensa nacional.<br \/>\n\u2022 Actividades o contenidos que pongan en peligro la protecci\u00f3n de la salud p\u00fablica, el respeto a la dignidad de la persona y al principio de no discriminaci\u00f3n, y la protecci\u00f3n de la salud y la infancia.<br \/>\nPodr\u00e1 ponerlo en conocimiento de IGNACIO CARRASCO SL no obstante, la recepci\u00f3n por esa de dicha comunicaci\u00f3n no supondr\u00e1 conocimiento a los efectos de la responsabilidad prevista en el art\u00edculo 17 de la LSSICE IGNACIO CARRASCO SL no se hace responsable de la falta de utilidad o adecuaci\u00f3n para un uso espec\u00edfico del presente Sitio Web. Tampoco se responsabiliza de los perjuicios que pueda sufrir el Usuario por los errores u omisiones de los que pudieran adolecer los contenidos de este Sitio Web, si bien se compromete a verificar y vigilar peri\u00f3dicamente sus contenidos e informaciones.<\/p>\n<p><strong>UTILIZACI\u00d3N DEL PORTAL WEB<\/strong><\/p>\n<p>IGNACIO CARRASCO SL no se har\u00e1 responsable en ning\u00fan caso del uso que los Usuarios pudieran hacer del Sitio Web o los Contenidos, ni de los da\u00f1os y perjuicios que pudieran derivarse del mismo.<\/p>\n<p><strong>ENLACES A OTROS SITIOS WEB<\/strong><\/p>\n<p>Todo enlace de terceros a la p\u00e1gina Web debe serlo a su p\u00e1gina principal, quedando expresamente prohibido los \u201clinks profundos\u201d, el \u201cframing\u201d y cualquier otro aprovechamiento de los contenidos de la p\u00e1gina Web, a favor de terceros no autorizados.<br \/>\nA trav\u00e9s del presente Sitio Web el Usuario podr\u00e1 acceder a sitios Web pertenecientes a y\/o gestionados por terceros.<br \/>\nLa presencia de tales enlaces es meramente informativa, no constituyendo en ning\u00fan caso una invitaci\u00f3n a la contrataci\u00f3n de productos o servicios que se ofrezcan en el Sitio Web de destino. El Usuario acceder\u00e1 bajo su exclusiva responsabilidad al contenido, y en las condiciones de uso que rijan en los mismos. El Usuario reconoce y acepta que IGNACIO CARRASCO SL no se hace responsable, directa o indirectamente, de cualesquiera da\u00f1os y perjuicios causados por el acceso a tales links.<br \/>\nEn caso de que IGNACIO CARRASCO SL tenga conocimiento efectivo de que la informaci\u00f3n o la actividad a la que se remite desde dichos enlaces es il\u00edcita, constitutiva de delito o puede lesionar bienes o derechos de un tercero susceptibles de indemnizaci\u00f3n, actuar\u00e1 con la diligencia necesaria para suprimir o inutilizar el enlace correspondiente con la mayor brevedad posible<\/p>\n<p><strong>PROPIEDAD INDUSTRIAL<\/strong><\/p>\n<p>El uso de la p\u00e1gina Web no atribuye al usuario derecho alguno sobre marcas, nombres comerciales, signos distintivos o dise\u00f1os de cualquier tipo que aparecen en la p\u00e1gina Web Los art\u00edculos, noticias, legislaci\u00f3n y dem\u00e1s contenidos p\u00fablicos cuyos derechos de propiedad intelectual no pertenezcan a IGNACIO CARRASCO SL est\u00e1n publicados con la \u00fanica finalidad de informar a los usuarios de esta p\u00e1gina.<br \/>\nIGNACIO CARRASCO SL es titular del c\u00f3digo fuente, dise\u00f1o, estructura de navegaci\u00f3n, bases de datos y los distintos elementos de software de la p\u00e1gina Web, as\u00ed como de los derechos de propiedad industrial e intelectual referidos a los contenidos que en ella se incluyan.<\/p>\n<p><strong>LEGISLACI\u00d3N APLICABLE Y JURISDICCI\u00d3N<\/strong><\/p>\n<p>IGNACIO CARRASCO SL se reserva la facultad de presentar las acciones civiles o penales que considere oportunas por la utilizaci\u00f3n indebida de su sitio web o por el incumplimiento de las presentes condiciones.<br \/>\nLa relaci\u00f3n entre el usuario y el prestador se regir\u00e1 por la normativa vigente y de aplicaci\u00f3n en el territorio espa\u00f1ol. De surgir cualquier controversia las partes podr\u00e1n someter sus conflictos cumpliendo con las normas sobre jurisdicci\u00f3n y competencia al respecto.IGNACIO CARRASCO SL tiene su domicilio en GUIJUELO, Espa\u00f1a.<\/p>\n<\/div><\/div><\/div><style type=\"text\/css\">.fusion-body .fusion-builder-column-0{width:100% !important;margin-top : 15px;margin-bottom : 15px;}.fusion-builder-column-0 > .fusion-column-wrapper {padding-top : 0px !important;padding-right : 0px !important;margin-right : 1.92%;padding-bottom : 0px !important;padding-left : 0px !important;margin-left : 1.92%;}@media only screen and (max-width:1024px) {.fusion-body .fusion-builder-column-0{width:100% !important;order : 0;}.fusion-builder-column-0 > .fusion-column-wrapper {margin-right : 1.92%;margin-left : 1.92%;}}@media only screen and (max-width:640px) {.fusion-body .fusion-builder-column-0{width:100% !important;order : 0;}.fusion-builder-column-0 > .fusion-column-wrapper {margin-right : 1.92%;margin-left : 1.92%;}}<\/style><\/div><style type=\"text\/css\">.fusion-body .fusion-flex-container.fusion-builder-row-1{ padding-top : 0px;margin-top : 0px;padding-right : 0px;padding-bottom : 0px;margin-bottom : 0px;padding-left : 0px;}<\/style><\/div>\n","protected":false},"excerpt":{"rendered":"","protected":false},"author":1,"featured_media":0,"parent":0,"menu_order":90,"comment_status":"closed","ping_status":"closed","template":"100-width.php","meta":[],"_links":{"self":[{"href":"https:\/\/lahojadelcarrasco.com\/tienda\/wp-json\/wp\/v2\/pages\/20249"}],"collection":[{"href":"https:\/\/lahojadelcarrasco.com\/tienda\/wp-json\/wp\/v2\/pages"}],"about":[{"href":"https:\/\/lahojadelcarrasco.com\/tienda\/wp-json\/wp\/v2\/types\/page"}],"author":[{"embeddable":true,"href":"https:\/\/lahojadelcarrasco.com\/tienda\/wp-json\/wp\/v2\/users\/1"}],"replies":[{"embeddable":true,"href":"https:\/\/lahojadelcarrasco.com\/tienda\/wp-json\/wp\/v2\/comments?post=20249"}],"version-history":[{"count":3,"href":"https:\/\/lahojadelcarrasco.com\/tienda\/wp-json\/wp\/v2\/pages\/20249\/revisions"}],"predecessor-version":[{"id":20259,"href":"https:\/\/lahojadelcarrasco.com\/tienda\/wp-json\/wp\/v2\/pages\/20249\/revisions\/20259"}],"wp:attachment":[{"href":"https:\/\/lahojadelcarrasco.com\/tienda\/wp-json\/wp\/v2\/media?parent=20249"}],"curies":[{"name":"wp","href":"https:\/\/api.w.org\/{rel}","templated":true}]}}