{"id":19897,"date":"2020-11-06T20:06:50","date_gmt":"2020-11-06T19:06:50","guid":{"rendered":"https:\/\/carrasco.controlv.es\/?post_type=product&#038;p=19897"},"modified":"2025-06-18T12:18:00","modified_gmt":"2025-06-18T10:18:00","slug":"paleta-de-bellota-100-iberica","status":"publish","type":"product","link":"https:\/\/lahojadelcarrasco.com\/tienda\/producto\/paleta-de-bellota-100-iberica\/","title":{"rendered":"Paleta de Bellota 100% Ib\u00e9rica"},"content":{"rendered":"<p><strong>MODO DE PREPARACI\u00d3N \u00abLONCHEADA\u00bb INCLUYE:<\/strong> 17 sobres de 100g para paletas de 4 a 5 kg y 21 sobres de 100g para paletas de 5 a 6 kg<\/p>\n<p><strong>ENV\u00cdOS:\u00a0<\/strong>Pagados para pedido superiores a 125\u20ac. Entrega en 3-4 d\u00edas h\u00e1biles desde la confirmaci\u00f3n del pedido, para productos loncheados 8-10 d\u00edas h\u00e1biles<\/p>\n<p><strong>INGREDIENTES<\/strong>: Paleta\u00a0de Bellota\u00a0<strong>100% Ib\u00e9rica<\/strong>, sal, conservantes (E-250 y E-252) y antioxidante (E-316)<\/p>\n<p><strong>AL\u00c9RGENOS:<\/strong>\u00a0Sin lactosa, sin gluten<\/p>\n<p><strong>VALORES NUTRICIONALES (100g):<\/strong><\/p>\n<p><img decoding=\"async\" class=\"alignnone wp-image-20049 size-medium\" src=\"https:\/\/lahojadelcarrasco.com\/tienda\/wp-content\/uploads\/2020\/11\/Tabla-300x139.png\" alt=\"\" width=\"300\" height=\"139\" srcset=\"https:\/\/lahojadelcarrasco.com\/tienda\/wp-content\/uploads\/2020\/11\/Tabla-200x93.png 200w, https:\/\/lahojadelcarrasco.com\/tienda\/wp-content\/uploads\/2020\/11\/Tabla-300x139.png 300w, https:\/\/lahojadelcarrasco.com\/tienda\/wp-content\/uploads\/2020\/11\/Tabla-400x185.png 400w, https:\/\/lahojadelcarrasco.com\/tienda\/wp-content\/uploads\/2020\/11\/Tabla.png 406w\" sizes=\"(max-width: 300px) 100vw, 300px\" \/><\/p>\n<p><em>\u00a0<strong>*<\/strong> Debido a su elaboraci\u00f3n artesanal y a la mayor o menor infiltraci\u00f3n de grasa que presenten las piezas, pueden detectarse valores con alguna desviaci\u00f3n respecto a los descritos en los productos.<\/em><\/p>\n","protected":false},"excerpt":{"rendered":"<p><strong>Curaci\u00f3n:<\/strong>\u00a0M\u00e1s de 24 meses<\/p>\n<p><strong>Presentaci\u00f3n:<\/strong>\u00a0Con funda y malla, en caja La Hoja del Carrasco<\/p>\n<p><strong>\u00a1Elige peso y modo de preparaci\u00f3n!<\/strong><\/p>\n","protected":false},"featured_media":19991,"template":"","meta":[],"product_cat":[29],"product_tag":[],"_links":{"self":[{"href":"https:\/\/lahojadelcarrasco.com\/tienda\/wp-json\/wp\/v2\/product\/19897"}],"collection":[{"href":"https:\/\/lahojadelcarrasco.com\/tienda\/wp-json\/wp\/v2\/product"}],"about":[{"href":"https:\/\/lahojadelcarrasco.com\/tienda\/wp-json\/wp\/v2\/types\/product"}],"wp:featuredmedia":[{"embeddable":true,"href":"https:\/\/lahojadelcarrasco.com\/tienda\/wp-json\/wp\/v2\/media\/19991"}],"wp:attachment":[{"href":"https:\/\/lahojadelcarrasco.com\/tienda\/wp-json\/wp\/v2\/media?parent=19897"}],"wp:term":[{"taxonomy":"product_cat","embeddable":true,"href":"https:\/\/lahojadelcarrasco.com\/tienda\/wp-json\/wp\/v2\/product_cat?post=19897"},{"taxonomy":"product_tag","embeddable":true,"href":"https:\/\/lahojadelcarrasco.com\/tienda\/wp-json\/wp\/v2\/product_tag?post=19897"}],"curies":[{"name":"wp","href":"https:\/\/api.w.org\/{rel}","templated":true}]}}