{"id":20027,"date":"2020-11-12T16:33:45","date_gmt":"2020-11-12T15:33:45","guid":{"rendered":"https:\/\/carrasco.controlv.es\/?post_type=product&#038;p=20027"},"modified":"2024-12-20T09:03:59","modified_gmt":"2024-12-20T08:03:59","slug":"jamon-de-bellota-iberico-75-raza-iberica","status":"publish","type":"product","link":"https:\/\/lahojadelcarrasco.com\/tienda\/producto\/jamon-de-bellota-iberico-75-raza-iberica\/","title":{"rendered":"Jam\u00f3n de Bellota Ib\u00e9rico &#8211; 75% Raza Ib\u00e9rica"},"content":{"rendered":"<p><strong>MODO DE PREPARACI\u00d3N \u00abCORTADO A CUCHILLO\u00bb INCLUYE:<\/strong> 32 sobres de 100g para jamones de 7,5 a 8,5 kg y 36 sobres de 100g para jamones de 8,5 a 9,5 kg<\/p>\n<p><strong>ENV\u00cdOS:\u00a0<\/strong>Pagados para pedido superiores a 125\u20ac. Entrega en 3-4 d\u00edas h\u00e1biles desde la confirmaci\u00f3n del pedido, para productos loncheados 8-10 d\u00edas h\u00e1biles<\/p>\n<p><strong>INGREDIENTES<\/strong>: Jam\u00f3n de Bellota Ib\u00e9rico 75% Raza Ib\u00e9rica, sal, conservantes (E-250 y E-252) y antioxidante (E-316)<\/p>\n<p><strong>AL\u00c9RGENOS:<\/strong>\u00a0Sin lactosa, sin gluten<\/p>\n<p><strong>VALORES NUTRICIONALES (100g): <\/strong><\/p>\n<p><strong><img decoding=\"async\" class=\"alignnone size-full wp-image-19989\" src=\"https:\/\/lahojadelcarrasco.com\/tienda\/wp-content\/uploads\/2015\/10\/tabla-jamon-de-bellota-iberico-100-01.jpg\" alt=\"\" width=\"300\" height=\"160\" srcset=\"https:\/\/lahojadelcarrasco.com\/tienda\/wp-content\/uploads\/2015\/10\/tabla-jamon-de-bellota-iberico-100-01-200x107.jpg 200w, https:\/\/lahojadelcarrasco.com\/tienda\/wp-content\/uploads\/2015\/10\/tabla-jamon-de-bellota-iberico-100-01.jpg 300w\" sizes=\"(max-width: 300px) 100vw, 300px\" \/><\/strong><\/p>\n<p><em>\u00a0<strong>*<\/strong> Debido a su elaboraci\u00f3n artesanal y a la mayor o menor infiltraci\u00f3n de grasa que presenten las piezas, pueden detectarse valores con alguna desviaci\u00f3n respecto a los descritos en los productos.<\/em><\/p>\n","protected":false},"excerpt":{"rendered":"<p><strong>Curaci\u00f3n:<\/strong>\u00a0M\u00e1s de 36 meses<\/p>\n<p><strong>Presentaci\u00f3n:<\/strong>\u00a0Con funda y malla, en caja La Hoja del Carrasco<\/p>\n<p><strong>\u00a1Elige peso y modo de preparaci\u00f3n!<\/strong><\/p>\n","protected":false},"featured_media":20155,"template":"","meta":[],"product_cat":[29],"product_tag":[],"_links":{"self":[{"href":"https:\/\/lahojadelcarrasco.com\/tienda\/wp-json\/wp\/v2\/product\/20027"}],"collection":[{"href":"https:\/\/lahojadelcarrasco.com\/tienda\/wp-json\/wp\/v2\/product"}],"about":[{"href":"https:\/\/lahojadelcarrasco.com\/tienda\/wp-json\/wp\/v2\/types\/product"}],"wp:featuredmedia":[{"embeddable":true,"href":"https:\/\/lahojadelcarrasco.com\/tienda\/wp-json\/wp\/v2\/media\/20155"}],"wp:attachment":[{"href":"https:\/\/lahojadelcarrasco.com\/tienda\/wp-json\/wp\/v2\/media?parent=20027"}],"wp:term":[{"taxonomy":"product_cat","embeddable":true,"href":"https:\/\/lahojadelcarrasco.com\/tienda\/wp-json\/wp\/v2\/product_cat?post=20027"},{"taxonomy":"product_tag","embeddable":true,"href":"https:\/\/lahojadelcarrasco.com\/tienda\/wp-json\/wp\/v2\/product_tag?post=20027"}],"curies":[{"name":"wp","href":"https:\/\/api.w.org\/{rel}","templated":true}]}}