{"id":20073,"date":"2020-11-12T17:09:29","date_gmt":"2020-11-12T16:09:29","guid":{"rendered":"https:\/\/carrasco.controlv.es\/?post_type=product&#038;p=20073"},"modified":"2025-06-18T12:14:20","modified_gmt":"2025-06-18T10:14:20","slug":"salchichon-extra-iberico-de-bellota-campana","status":"publish","type":"product","link":"https:\/\/lahojadelcarrasco.com\/tienda\/producto\/salchichon-extra-iberico-de-bellota-campana\/","title":{"rendered":"Salchich\u00f3n Extra Ib\u00e9rico de Bellota Campa\u00f1a"},"content":{"rendered":"<p><strong>ENV\u00cdOS:\u00a0<\/strong>Pagados para pedido superiores a 125\u20ac. Entrega en 3-4 d\u00edas h\u00e1biles desde la confirmaci\u00f3n del pedido, para productos loncheados 8-10 d\u00edas h\u00e1biles<\/p>\n<p><strong>INGREDIENTES<\/strong>: Carne y grasa de cerdo de Bellota Ib\u00e9rico, sal, <strong>lactosa<\/strong>, az\u00facar, <strong>prote\u00ednas l\u00e1cteas<\/strong> y de <strong>soja<\/strong>, dextrina, estabilizantes (E-450i, E-450ii), antioxidante (E-300), conservador (E-252), pimientas negra y blanca, nuez moscada, vino fino y ajo.<\/p>\n<p><strong>AL\u00c9RGENOS: <\/strong>contiene lactosa, soja y sulfitos, sin gluten<\/p>\n<p><strong>VALORES NUTRICIONALES (100g):<\/strong><\/p>\n<p><img decoding=\"async\" class=\"alignnone wp-image-20077 size-medium\" src=\"https:\/\/lahojadelcarrasco.com\/tienda\/wp-content\/uploads\/2020\/11\/tabla-salchi-2-300x139.png\" alt=\"\" width=\"300\" height=\"139\" srcset=\"https:\/\/lahojadelcarrasco.com\/tienda\/wp-content\/uploads\/2020\/11\/tabla-salchi-2-200x93.png 200w, https:\/\/lahojadelcarrasco.com\/tienda\/wp-content\/uploads\/2020\/11\/tabla-salchi-2-300x139.png 300w, https:\/\/lahojadelcarrasco.com\/tienda\/wp-content\/uploads\/2020\/11\/tabla-salchi-2-400x186.png 400w, https:\/\/lahojadelcarrasco.com\/tienda\/wp-content\/uploads\/2020\/11\/tabla-salchi-2.png 414w\" sizes=\"(max-width: 300px) 100vw, 300px\" \/><\/p>\n<p><em>\u00a0<strong>*<\/strong> Debido a su elaboraci\u00f3n artesanal y a la mayor o menor infiltraci\u00f3n de grasa que presenten las piezas, pueden detectarse valores con alguna desviaci\u00f3n respecto a los descritos en los productos.<\/em><\/p>\n","protected":false},"excerpt":{"rendered":"<p><strong>Peso Pieza \u00f3 2 Mitades:<\/strong>\u00a01 \u2013 1,2 kg<\/p>\n<p><strong>Loncheado:<\/strong>\u00a010 sobres de 100g<\/p>\n<p><strong>\u00a1Elige modo de preparaci\u00f3n!<\/strong><\/p>\n","protected":false},"featured_media":20950,"template":"","meta":[],"product_cat":[41],"product_tag":[],"_links":{"self":[{"href":"https:\/\/lahojadelcarrasco.com\/tienda\/wp-json\/wp\/v2\/product\/20073"}],"collection":[{"href":"https:\/\/lahojadelcarrasco.com\/tienda\/wp-json\/wp\/v2\/product"}],"about":[{"href":"https:\/\/lahojadelcarrasco.com\/tienda\/wp-json\/wp\/v2\/types\/product"}],"wp:featuredmedia":[{"embeddable":true,"href":"https:\/\/lahojadelcarrasco.com\/tienda\/wp-json\/wp\/v2\/media\/20950"}],"wp:attachment":[{"href":"https:\/\/lahojadelcarrasco.com\/tienda\/wp-json\/wp\/v2\/media?parent=20073"}],"wp:term":[{"taxonomy":"product_cat","embeddable":true,"href":"https:\/\/lahojadelcarrasco.com\/tienda\/wp-json\/wp\/v2\/product_cat?post=20073"},{"taxonomy":"product_tag","embeddable":true,"href":"https:\/\/lahojadelcarrasco.com\/tienda\/wp-json\/wp\/v2\/product_tag?post=20073"}],"curies":[{"name":"wp","href":"https:\/\/api.w.org\/{rel}","templated":true}]}}