{"id":20087,"date":"2020-11-12T17:28:19","date_gmt":"2020-11-12T16:28:19","guid":{"rendered":"https:\/\/carrasco.controlv.es\/?post_type=product&#038;p=20087"},"modified":"2025-02-27T18:54:48","modified_gmt":"2025-02-27T17:54:48","slug":"lomo-enlatado-de-bellota-iberico-75-raza-iberica","status":"publish","type":"product","link":"https:\/\/lahojadelcarrasco.com\/tienda\/producto\/lomo-enlatado-de-bellota-iberico-75-raza-iberica\/","title":{"rendered":"Lomo ENLATADO de Bellota Ib\u00e9rico 75 % Raza Ib\u00e9rica"},"content":{"rendered":"<p><strong>ENV\u00cdOS:\u00a0<\/strong>Pagados para pedido superiores a 125\u20ac. Entrega en 3-4 d\u00edas h\u00e1biles desde la confirmaci\u00f3n del pedido, para productos loncheados 8-10 d\u00edas h\u00e1biles<\/p>\n<p><strong>INGREDIENTES<\/strong>: : Lomo de bellota Ib\u00e9rico 75 % Raza Ib\u00e9rico, piment\u00f3n El Sequero, sal y ajo<\/p>\n<p><strong>AL\u00c9RGENOS:<\/strong>\u00a0Sin lactosa, sin gluten<\/p>\n<p><strong>VALORES NUTRICIONALES (100g):<\/strong><\/p>\n<p><img decoding=\"async\" class=\"alignnone wp-image-20086 size-medium\" src=\"https:\/\/lahojadelcarrasco.com\/tienda\/wp-content\/uploads\/2020\/11\/lomo-300x144.png\" alt=\"\" width=\"300\" height=\"144\" srcset=\"https:\/\/lahojadelcarrasco.com\/tienda\/wp-content\/uploads\/2020\/11\/lomo-200x96.png 200w, https:\/\/lahojadelcarrasco.com\/tienda\/wp-content\/uploads\/2020\/11\/lomo-300x144.png 300w, https:\/\/lahojadelcarrasco.com\/tienda\/wp-content\/uploads\/2020\/11\/lomo-400x191.png 400w, https:\/\/lahojadelcarrasco.com\/tienda\/wp-content\/uploads\/2020\/11\/lomo.png 418w\" sizes=\"(max-width: 300px) 100vw, 300px\" \/><\/p>\n<p><em>\u00a0<strong>*<\/strong> Debido a su elaboraci\u00f3n artesanal y a la mayor o menor infiltraci\u00f3n de grasa que presenten las piezas, pueden detectarse valores con alguna desviaci\u00f3n respecto a los descritos en los productos.<\/em><\/p>\n","protected":false},"excerpt":{"rendered":"<p><strong><u>U<\/u><u>NICO:<\/u> 100% natural, sin aditivos artificiales. Tripa Roscal\u00a0<\/strong><\/p>\n<p><strong>2 UNIDADES POR LATA<\/strong><\/p>\n<p><strong>Peso 2 Piezas \u00f3 4 Mitades:<\/strong> 2,950 kg \u2013 3,250 kg<\/p>\n<p><strong>Loncheado:<\/strong> 18 sobres de 100g<\/p>\n<p><strong>\u00a1Elige modo de preparaci\u00f3n!<\/strong><\/p>\n","protected":false},"featured_media":20946,"template":"","meta":[],"product_cat":[41],"product_tag":[],"_links":{"self":[{"href":"https:\/\/lahojadelcarrasco.com\/tienda\/wp-json\/wp\/v2\/product\/20087"}],"collection":[{"href":"https:\/\/lahojadelcarrasco.com\/tienda\/wp-json\/wp\/v2\/product"}],"about":[{"href":"https:\/\/lahojadelcarrasco.com\/tienda\/wp-json\/wp\/v2\/types\/product"}],"wp:featuredmedia":[{"embeddable":true,"href":"https:\/\/lahojadelcarrasco.com\/tienda\/wp-json\/wp\/v2\/media\/20946"}],"wp:attachment":[{"href":"https:\/\/lahojadelcarrasco.com\/tienda\/wp-json\/wp\/v2\/media?parent=20087"}],"wp:term":[{"taxonomy":"product_cat","embeddable":true,"href":"https:\/\/lahojadelcarrasco.com\/tienda\/wp-json\/wp\/v2\/product_cat?post=20087"},{"taxonomy":"product_tag","embeddable":true,"href":"https:\/\/lahojadelcarrasco.com\/tienda\/wp-json\/wp\/v2\/product_tag?post=20087"}],"curies":[{"name":"wp","href":"https:\/\/api.w.org\/{rel}","templated":true}]}}