{"id":20110,"date":"2020-11-12T18:23:04","date_gmt":"2020-11-12T17:23:04","guid":{"rendered":"https:\/\/carrasco.controlv.es\/?post_type=product&#038;p=20110"},"modified":"2024-11-07T19:45:38","modified_gmt":"2024-11-07T18:45:38","slug":"pack-cortado-a-cuchillo-jamon-de-bellota-iberico-50-raza-iberica","status":"publish","type":"product","link":"https:\/\/lahojadelcarrasco.com\/tienda\/producto\/pack-cortado-a-cuchillo-jamon-de-bellota-iberico-50-raza-iberica\/","title":{"rendered":"PACK CORTADO A CUCHILLO &#8211; Jam\u00f3n de Bellota Ib\u00e9rico 50% Raza Ib\u00e9rica"},"content":{"rendered":"<p><strong>PRESENTACI\u00d3N:<\/strong>\u00a0Sobre de 100g en caja (4 unidades), paquete (10 unidades) o maleta (20 unidades)<\/p>\n<p><strong>ENV\u00cdOS:\u00a0<\/strong>Pagados para pedido superiores a 125\u20ac. Entrega para productos loncheados 8-10 d\u00edas h\u00e1biles<\/p>\n<p><strong>INGREDIENTES<\/strong>: Jam\u00f3n de Bellota Ib\u00e9rico 50% Raza Ib\u00e9rica, sal, conservantes (E-250 y E-252) y antioxidante (E-316)<\/p>\n<p><strong>AL\u00c9RGENOS:<\/strong>\u00a0Sin lactosa, sin gluten<\/p>\n<p><strong>VALORES NUTRICIONALES (100g):<\/strong><\/p>\n<p><img decoding=\"async\" class=\"alignnone size-full wp-image-19989\" src=\"https:\/\/lahojadelcarrasco.com\/tienda\/wp-content\/uploads\/2015\/10\/tabla-jamon-de-bellota-iberico-100-01.jpg\" alt=\"\" width=\"300\" height=\"160\" srcset=\"https:\/\/lahojadelcarrasco.com\/tienda\/wp-content\/uploads\/2015\/10\/tabla-jamon-de-bellota-iberico-100-01-200x107.jpg 200w, https:\/\/lahojadelcarrasco.com\/tienda\/wp-content\/uploads\/2015\/10\/tabla-jamon-de-bellota-iberico-100-01.jpg 300w\" sizes=\"(max-width: 300px) 100vw, 300px\" \/><\/p>\n<p><em>\u00a0<strong>*<\/strong> Debido a su elaboraci\u00f3n artesanal y a la mayor o menor infiltraci\u00f3n de grasa que presenten las piezas, pueden detectarse valores con alguna desviaci\u00f3n respecto a los descritos en los productos.<\/em><\/p>\n","protected":false},"excerpt":{"rendered":"<p><strong>Curaci\u00f3n:<\/strong>\u00a0M\u00e1s de 36 meses<\/p>\n<p><b>\u00bfCu\u00e1ntos quieres?<\/b><\/p>\n","protected":false},"featured_media":20783,"template":"","meta":[],"product_cat":[44],"product_tag":[],"_links":{"self":[{"href":"https:\/\/lahojadelcarrasco.com\/tienda\/wp-json\/wp\/v2\/product\/20110"}],"collection":[{"href":"https:\/\/lahojadelcarrasco.com\/tienda\/wp-json\/wp\/v2\/product"}],"about":[{"href":"https:\/\/lahojadelcarrasco.com\/tienda\/wp-json\/wp\/v2\/types\/product"}],"wp:featuredmedia":[{"embeddable":true,"href":"https:\/\/lahojadelcarrasco.com\/tienda\/wp-json\/wp\/v2\/media\/20783"}],"wp:attachment":[{"href":"https:\/\/lahojadelcarrasco.com\/tienda\/wp-json\/wp\/v2\/media?parent=20110"}],"wp:term":[{"taxonomy":"product_cat","embeddable":true,"href":"https:\/\/lahojadelcarrasco.com\/tienda\/wp-json\/wp\/v2\/product_cat?post=20110"},{"taxonomy":"product_tag","embeddable":true,"href":"https:\/\/lahojadelcarrasco.com\/tienda\/wp-json\/wp\/v2\/product_tag?post=20110"}],"curies":[{"name":"wp","href":"https:\/\/api.w.org\/{rel}","templated":true}]}}