{"id":20114,"date":"2020-11-12T18:24:50","date_gmt":"2020-11-12T17:24:50","guid":{"rendered":"https:\/\/carrasco.controlv.es\/?post_type=product&#038;p=20114"},"modified":"2025-06-18T11:54:47","modified_gmt":"2025-06-18T09:54:47","slug":"pack-cortado-a-cuchillo-paleta-de-bellota-100-iberica","status":"publish","type":"product","link":"https:\/\/lahojadelcarrasco.com\/tienda\/producto\/pack-cortado-a-cuchillo-paleta-de-bellota-100-iberica\/","title":{"rendered":"LONCHEADO &#8211; Paleta de Bellota 100% Ib\u00e9rica"},"content":{"rendered":"<p><strong>PRESENTACI\u00d3N:<\/strong>\u00a0Sobre de 100g en caja (4 unidades), paquete (10 unidades) o maleta (20 unidades)<\/p>\n<p><strong>ENV\u00cdOS:\u00a0<\/strong>Pagados para pedido superiores a 125\u20ac. Entrega para productos loncheados 8-10 d\u00edas h\u00e1biles<\/p>\n<p><strong>INGREDIENTES<\/strong>: Paleta de Bellota 100% Ib\u00e9rica, sal, conservantes (E-250 y E-252) y antioxidante (E-316)<\/p>\n<p><strong>AL\u00c9RGENOS:<\/strong>\u00a0Sin lactosa, sin gluten<\/p>\n<p><strong>VALORES NUTRICIONALES (100g):<\/strong><\/p>\n<p><img decoding=\"async\" class=\"alignnone wp-image-20049 size-medium\" src=\"https:\/\/lahojadelcarrasco.com\/tienda\/wp-content\/uploads\/2020\/11\/Tabla-300x139.png\" alt=\"\" width=\"300\" height=\"139\" srcset=\"https:\/\/lahojadelcarrasco.com\/tienda\/wp-content\/uploads\/2020\/11\/Tabla-200x93.png 200w, https:\/\/lahojadelcarrasco.com\/tienda\/wp-content\/uploads\/2020\/11\/Tabla-300x139.png 300w, https:\/\/lahojadelcarrasco.com\/tienda\/wp-content\/uploads\/2020\/11\/Tabla-400x185.png 400w, https:\/\/lahojadelcarrasco.com\/tienda\/wp-content\/uploads\/2020\/11\/Tabla.png 406w\" sizes=\"(max-width: 300px) 100vw, 300px\" \/><\/p>\n<p><em>\u00a0<strong>*<\/strong> Debido a su elaboraci\u00f3n artesanal y a la mayor o menor infiltraci\u00f3n de grasa que presenten las piezas, pueden detectarse valores con alguna desviaci\u00f3n respecto a los descritos en los productos.<\/em><\/p>\n","protected":false},"excerpt":{"rendered":"<p><strong>Curaci\u00f3n:<\/strong> M\u00e1s de 24 meses<\/p>\n<p><b>\u00bfCu\u00e1ntos quieres?<\/b><\/p>\n","protected":false},"featured_media":20780,"template":"","meta":[],"product_cat":[44],"product_tag":[],"_links":{"self":[{"href":"https:\/\/lahojadelcarrasco.com\/tienda\/wp-json\/wp\/v2\/product\/20114"}],"collection":[{"href":"https:\/\/lahojadelcarrasco.com\/tienda\/wp-json\/wp\/v2\/product"}],"about":[{"href":"https:\/\/lahojadelcarrasco.com\/tienda\/wp-json\/wp\/v2\/types\/product"}],"wp:featuredmedia":[{"embeddable":true,"href":"https:\/\/lahojadelcarrasco.com\/tienda\/wp-json\/wp\/v2\/media\/20780"}],"wp:attachment":[{"href":"https:\/\/lahojadelcarrasco.com\/tienda\/wp-json\/wp\/v2\/media?parent=20114"}],"wp:term":[{"taxonomy":"product_cat","embeddable":true,"href":"https:\/\/lahojadelcarrasco.com\/tienda\/wp-json\/wp\/v2\/product_cat?post=20114"},{"taxonomy":"product_tag","embeddable":true,"href":"https:\/\/lahojadelcarrasco.com\/tienda\/wp-json\/wp\/v2\/product_tag?post=20114"}],"curies":[{"name":"wp","href":"https:\/\/api.w.org\/{rel}","templated":true}]}}