{"id":20130,"date":"2020-11-12T18:39:04","date_gmt":"2020-11-12T17:39:04","guid":{"rendered":"https:\/\/carrasco.controlv.es\/?post_type=product&#038;p=20130"},"modified":"2025-06-18T11:51:56","modified_gmt":"2025-06-18T09:51:56","slug":"pack-embutido","status":"publish","type":"product","link":"https:\/\/lahojadelcarrasco.com\/tienda\/producto\/pack-embutido\/","title":{"rendered":"PACK EMBUTIDO"},"content":{"rendered":"<p><strong>ENV\u00cdOS:\u00a0<\/strong>Pagados para pedido superiores a 125\u20ac. Entrega para productos loncheados 8-10 d\u00edas h\u00e1biles<\/p>\n<p><strong>INGREDIENTES<\/strong>: Consultar\u00a0 ficha de cada producto en la categor\u00eda EMBUTIDOS.<\/p>\n<p><strong>AL\u00c9RGENOS:<\/strong>\u00a0Sin lactosa, sin gluten<\/p>\n","protected":false},"excerpt":{"rendered":"<p><strong>Contiene:<\/strong><\/p>\n<ul>\n<li>Lomo de Bellota 100% Ib\u00e9rico\u00a0 (950 g-1,1 kg)<\/li>\n<li>Chorizo Extra Ib\u00e9rico de Bellota Campa\u00f1a (1-1,2 Kg)<\/li>\n<li>Salchich\u00f3n Extra Ib\u00e9rico de Bellota Campa\u00f1a (1-1,2 kg)<\/li>\n<\/ul>\n","protected":false},"featured_media":20955,"template":"","meta":[],"product_cat":[44],"product_tag":[],"_links":{"self":[{"href":"https:\/\/lahojadelcarrasco.com\/tienda\/wp-json\/wp\/v2\/product\/20130"}],"collection":[{"href":"https:\/\/lahojadelcarrasco.com\/tienda\/wp-json\/wp\/v2\/product"}],"about":[{"href":"https:\/\/lahojadelcarrasco.com\/tienda\/wp-json\/wp\/v2\/types\/product"}],"wp:featuredmedia":[{"embeddable":true,"href":"https:\/\/lahojadelcarrasco.com\/tienda\/wp-json\/wp\/v2\/media\/20955"}],"wp:attachment":[{"href":"https:\/\/lahojadelcarrasco.com\/tienda\/wp-json\/wp\/v2\/media?parent=20130"}],"wp:term":[{"taxonomy":"product_cat","embeddable":true,"href":"https:\/\/lahojadelcarrasco.com\/tienda\/wp-json\/wp\/v2\/product_cat?post=20130"},{"taxonomy":"product_tag","embeddable":true,"href":"https:\/\/lahojadelcarrasco.com\/tienda\/wp-json\/wp\/v2\/product_tag?post=20130"}],"curies":[{"name":"wp","href":"https:\/\/api.w.org\/{rel}","templated":true}]}}