{"id":20131,"date":"2020-11-12T18:44:51","date_gmt":"2020-11-12T17:44:51","guid":{"rendered":"https:\/\/carrasco.controlv.es\/?post_type=product&#038;p=20131"},"modified":"2025-06-18T11:58:04","modified_gmt":"2025-06-18T09:58:04","slug":"pack-loncheado-iberico-100","status":"publish","type":"product","link":"https:\/\/lahojadelcarrasco.com\/tienda\/producto\/pack-loncheado-iberico-100\/","title":{"rendered":"PACK LONCHEADO IB\u00c9RICO 100%"},"content":{"rendered":"<p><strong>PRESENTACI\u00d3N:<\/strong>\u00a0Sobre de 100g en caja (4 unidades), paquete (10 unidades) o maleta (20 unidades)<\/p>\n<p><strong>ENV\u00cdOS:\u00a0<\/strong>Pagados para pedido superiores a 125\u20ac. Entrega para productos loncheados 8-10 d\u00edas h\u00e1biles<\/p>\n<p><strong>INGREDIENTES<\/strong>: Consultar\u00a0 ficha de cada producto en la categor\u00eda EMBUTIDOS.<\/p>\n<p><strong>AL\u00c9RGENOS:<\/strong>\u00a0Sin lactosa, sin gluten<\/p>\n","protected":false},"excerpt":{"rendered":"<p><b>\u00bfCu\u00e1ntos quieres?<\/b><\/p>\n<p>CAJA DE 4 UNIDADES (sobre 100g):<\/p>\n<ul>\n<li>1 Jam\u00f3n de Bellota 100% Ib\u00e9rico<\/li>\n<li>1 Lomo de Bellota 100% Ib\u00e9rico<\/li>\n<li>1 Chorizo Extra Ib\u00e9rico de Bellota Campa\u00f1a<\/li>\n<li>1 Salchich\u00f3n Extra Ib\u00e9rico de Bellota Campa\u00f1a<\/li>\n<\/ul>\n<p>CAJA DE 10 UNIDADES (sobre 100g):<\/p>\n<ul>\n<li>3 Jam\u00f3n de Bellota 100% Ib\u00e9rico<\/li>\n<li>3 Lomo de Bellota 100% Ib\u00e9rico<\/li>\n<li>2 Chorizo Extra Ib\u00e9rico de Bellota Campa\u00f1a<\/li>\n<li>2 Salchich\u00f3n Extra Ib\u00e9rico de Bellota Campa\u00f1a<\/li>\n<\/ul>\n<p>CAJA DE 20 UNIDADES (sobre 100g):<\/p>\n<ul>\n<li>5 Jam\u00f3n de Bellota 100% Ib\u00e9rico<\/li>\n<li>5 Lomo de Bellota 100% Ib\u00e9rico<\/li>\n<li>5 Chorizo Extra Ib\u00e9rico de Bellota Campa\u00f1a<\/li>\n<li>5 Salchich\u00f3n Extra Ib\u00e9rico de Bellota Campa\u00f1a<\/li>\n<\/ul>\n","protected":false},"featured_media":20773,"template":"","meta":[],"product_cat":[44],"product_tag":[],"_links":{"self":[{"href":"https:\/\/lahojadelcarrasco.com\/tienda\/wp-json\/wp\/v2\/product\/20131"}],"collection":[{"href":"https:\/\/lahojadelcarrasco.com\/tienda\/wp-json\/wp\/v2\/product"}],"about":[{"href":"https:\/\/lahojadelcarrasco.com\/tienda\/wp-json\/wp\/v2\/types\/product"}],"wp:featuredmedia":[{"embeddable":true,"href":"https:\/\/lahojadelcarrasco.com\/tienda\/wp-json\/wp\/v2\/media\/20773"}],"wp:attachment":[{"href":"https:\/\/lahojadelcarrasco.com\/tienda\/wp-json\/wp\/v2\/media?parent=20131"}],"wp:term":[{"taxonomy":"product_cat","embeddable":true,"href":"https:\/\/lahojadelcarrasco.com\/tienda\/wp-json\/wp\/v2\/product_cat?post=20131"},{"taxonomy":"product_tag","embeddable":true,"href":"https:\/\/lahojadelcarrasco.com\/tienda\/wp-json\/wp\/v2\/product_tag?post=20131"}],"curies":[{"name":"wp","href":"https:\/\/api.w.org\/{rel}","templated":true}]}}