{"id":20335,"date":"2020-12-09T19:59:53","date_gmt":"2020-12-09T18:59:53","guid":{"rendered":"https:\/\/lahojadelcarrasco.com\/tienda\/?post_type=product&#038;p=20335"},"modified":"2025-02-27T18:54:28","modified_gmt":"2025-02-27T17:54:28","slug":"papada-iberica-de-bellota-real-caviar-amur-beluga","status":"publish","type":"product","link":"https:\/\/lahojadelcarrasco.com\/tienda\/producto\/papada-iberica-de-bellota-real-caviar-amur-beluga\/","title":{"rendered":"Papada Ib\u00e9rica de Bellota + Real Caviar Amur Beluga"},"content":{"rendered":"<p><strong>ENV\u00cdOS:\u00a0<\/strong>Pagados para pedido superiores a 125\u20ac. Entrega en 3-4 d\u00edas h\u00e1biles desde la confirmaci\u00f3n del pedido, para productos loncheados 8-10 d\u00edas h\u00e1biles<\/p>\n<p><strong>INGREDIENTES PAPADA<\/strong>: Papada Ib\u00e9rica de Bellota, piment\u00f3n, sal y ajo.<\/p>\n<p><strong>AL\u00c9RGENOS PAPADA:<\/strong>\u00a0Sin lactosa, sin gluten<\/p>\n<p><strong>VALORES NUTRICIONALES (100g) PAPADA:<\/strong><\/p>\n<p><img decoding=\"async\" class=\"alignnone wp-image-20099 size-medium\" src=\"https:\/\/lahojadelcarrasco.com\/tienda\/wp-content\/uploads\/2020\/11\/Papada-300x139.png\" alt=\"\" width=\"300\" height=\"139\" srcset=\"https:\/\/lahojadelcarrasco.com\/tienda\/wp-content\/uploads\/2020\/11\/Papada-200x93.png 200w, https:\/\/lahojadelcarrasco.com\/tienda\/wp-content\/uploads\/2020\/11\/Papada-300x139.png 300w, https:\/\/lahojadelcarrasco.com\/tienda\/wp-content\/uploads\/2020\/11\/Papada-400x185.png 400w, https:\/\/lahojadelcarrasco.com\/tienda\/wp-content\/uploads\/2020\/11\/Papada.png 406w\" sizes=\"(max-width: 300px) 100vw, 300px\" \/><\/p>\n<p><em><strong>*<\/strong> Debido a su elaboraci\u00f3n artesanal y a la mayor o menor infiltraci\u00f3n de grasa que presenten las piezas, pueden detectarse valores con alguna desviaci\u00f3n respecto a los descritos en los productos.<\/em><\/p>\n","protected":false},"excerpt":{"rendered":"<p><strong><u>4 SOBRES. Compuesto cada uno de:<\/u><\/strong><\/p>\n<p>10g de Real Caviar Amur Beluga<\/p>\n<p>30g de Papada Ib\u00e9rica de Bellota<\/p>\n","protected":false},"featured_media":20941,"template":"","meta":[],"product_cat":[45],"product_tag":[],"_links":{"self":[{"href":"https:\/\/lahojadelcarrasco.com\/tienda\/wp-json\/wp\/v2\/product\/20335"}],"collection":[{"href":"https:\/\/lahojadelcarrasco.com\/tienda\/wp-json\/wp\/v2\/product"}],"about":[{"href":"https:\/\/lahojadelcarrasco.com\/tienda\/wp-json\/wp\/v2\/types\/product"}],"wp:featuredmedia":[{"embeddable":true,"href":"https:\/\/lahojadelcarrasco.com\/tienda\/wp-json\/wp\/v2\/media\/20941"}],"wp:attachment":[{"href":"https:\/\/lahojadelcarrasco.com\/tienda\/wp-json\/wp\/v2\/media?parent=20335"}],"wp:term":[{"taxonomy":"product_cat","embeddable":true,"href":"https:\/\/lahojadelcarrasco.com\/tienda\/wp-json\/wp\/v2\/product_cat?post=20335"},{"taxonomy":"product_tag","embeddable":true,"href":"https:\/\/lahojadelcarrasco.com\/tienda\/wp-json\/wp\/v2\/product_tag?post=20335"}],"curies":[{"name":"wp","href":"https:\/\/api.w.org\/{rel}","templated":true}]}}